{"id":1239,"date":"2021-01-08T15:04:21","date_gmt":"2021-01-08T13:04:21","guid":{"rendered":"https:\/\/ircon.ro\/?post_type=product&#038;p=1239"},"modified":"2024-01-18T09:32:12","modified_gmt":"2024-01-18T07:32:12","slug":"faringonil-trateaza-inflamatia-faringelui-si-amigdalelor","status":"publish","type":"product","link":"https:\/\/www.ircon.ro\/home\/produs\/faringonil-trateaza-inflamatia-faringelui-si-amigdalelor\/","title":{"rendered":"Faringonil &#8211; 23,25 g"},"content":{"rendered":"<p><strong>Ingrediente:<\/strong><\/p>\n<p>sorbitol, acid ascorbic, maltodextrin\u0103 si lactoz\u0103 monohidrat, extract hidroalcoolic de Echinacea purpurea, polivinilpirolidona, amidon pregelatinizat, celuloz\u0103 microcristalin\u0103, ulei esential de busuioc (Ocimum basilicum), ulei esential de eucalipt (Eucalyptus globulus), talc, stearat de magneziu, ulei esential de ment\u0103 (Mentha piperita), reziduu uscat din tinctur\u0103 de propolis, arom\u0103 de l\u0103maie, aspartam si zaharin\u0103 sodic\u0103, pulbere de piper negru (Piper nigrum), mentol, albastru de metilen.<\/p>\n<p><strong>Mod de administrare<\/strong>:<\/p>\n<p><strong>Faringonil<\/strong> se admnistreaz\u0103 ca adjuvant in procesele inflamatorii faringiene, cate 3-4 comprimate pe zi, care se sug in cavitatea bucal\u0103.<\/p>\n<p><strong>Contraindica\u021bii:<\/strong><\/p>\n<p>Contraindicat persoanelor alergice la unul din ingredientele produsului.<\/p>\n","protected":false},"excerpt":{"rendered":"<p><strong>Faringonil este destinat tratamentului adjuvant ale manifest\u0103rilor clinice din faringo-amigdalite, afectiuni caracterizate prin inflamatia acut\u0103 sau cronic\u0103 a faringelui \u015fi amigdalelor palatine. <\/strong><\/p>\n<p><strong>Comprimatele masticabile de Faringonil prin multiplele sale componente, dintre care unele cu rol de stimulare a imunit\u0103tii organismului, iar altele cu actiune directa asupra cauzelor care determin\u0103 faringoamigdalita, constituie un adjuvant eficient pentru tratamentul acesteia. Astfel, combate durerea si usturimea local\u0103 precum si starea de disconfort din cursul bolii. In formele usoare si medii poate constitui singur un remediu eficient.<\/strong><\/p>\n","protected":false},"featured_media":2927,"comment_status":"open","ping_status":"closed","template":"","meta":[],"product_cat":[21],"product_tag":[31,94,95],"yoast_head":"<!-- This site is optimized with the Yoast SEO plugin v15.8 - https:\/\/yoast.com\/wordpress\/plugins\/seo\/ -->\n<title>Trateaza inflama\u021bia faringelui \u0219i amigdalelor cu Faringonil - 23,25 g |<\/title>\n<meta name=\"description\" content=\"Faringonil trateaza afectiunile caracterizate prin inflama\u021bia acut\u0103 sau cronic\u0103 a faringelui \u0219i amigdalelor palatine eliminand durerea.\" \/>\n<meta name=\"robots\" content=\"index, follow, max-snippet:-1, max-image-preview:large, max-video-preview:-1\" \/>\n<link rel=\"canonical\" href=\"https:\/\/www.ircon.ro\/home\/produs\/faringonil-trateaza-inflamatia-faringelui-si-amigdalelor\/\" \/>\n<meta property=\"og:locale\" content=\"ro_RO\" \/>\n<meta property=\"og:type\" content=\"article\" \/>\n<meta property=\"og:title\" content=\"Trateaza inflama\u021bia faringelui \u0219i amigdalelor cu Faringonil - 23,25 g |\" \/>\n<meta property=\"og:description\" content=\"Faringonil trateaza afectiunile caracterizate prin inflama\u021bia acut\u0103 sau cronic\u0103 a faringelui \u0219i amigdalelor palatine eliminand durerea.\" \/>\n<meta property=\"og:url\" content=\"https:\/\/www.ircon.ro\/home\/produs\/faringonil-trateaza-inflamatia-faringelui-si-amigdalelor\/\" \/>\n<meta property=\"article:publisher\" content=\"https:\/\/www.facebook.com\/IRCON-562019920546430\/\" \/>\n<meta property=\"article:modified_time\" content=\"2024-01-18T07:32:12+00:00\" \/>\n<meta property=\"og:image\" content=\"https:\/\/www.ircon.ro\/wp-content\/uploads\/2021\/01\/faringonil15-cpr.png\" \/>\n\t<meta property=\"og:image:width\" content=\"1000\" \/>\n\t<meta property=\"og:image:height\" content=\"1000\" \/>\n<meta name=\"twitter:card\" content=\"summary_large_image\" \/>\n<meta name=\"twitter:label1\" content=\"Timp estimat pentru citire\">\n\t<meta name=\"twitter:data1\" content=\"1 minut\">\n<script type=\"application\/ld+json\" class=\"yoast-schema-graph\">{\"@context\":\"https:\/\/schema.org\",\"@graph\":[{\"@type\":\"Organization\",\"@id\":\"https:\/\/www.ircon.ro\/home\/#organization\",\"name\":\"Ircon SRL\",\"url\":\"https:\/\/www.ircon.ro\/home\/\",\"sameAs\":[\"https:\/\/www.facebook.com\/IRCON-562019920546430\/\"],\"logo\":{\"@type\":\"ImageObject\",\"@id\":\"https:\/\/www.ircon.ro\/home\/#logo\",\"inLanguage\":\"ro-RO\",\"url\":\"https:\/\/www.ircon.ro\/wp-content\/uploads\/2021\/01\/cropped-cropped-Logo_Ircon-1.png\",\"width\":400,\"height\":140,\"caption\":\"Ircon SRL\"},\"image\":{\"@id\":\"https:\/\/www.ircon.ro\/home\/#logo\"}},{\"@type\":\"WebSite\",\"@id\":\"https:\/\/www.ircon.ro\/home\/#website\",\"url\":\"https:\/\/www.ircon.ro\/home\/\",\"name\":\"Ircon\",\"description\":\"Prin \\u0219tiin\\u021b\\u0103 prevenim \\u0219i \\u00eenvingem!\",\"publisher\":{\"@id\":\"https:\/\/www.ircon.ro\/home\/#organization\"},\"potentialAction\":[{\"@type\":\"SearchAction\",\"target\":\"https:\/\/www.ircon.ro\/home\/?s={search_term_string}\",\"query-input\":\"required name=search_term_string\"}],\"inLanguage\":\"ro-RO\"},{\"@type\":\"ImageObject\",\"@id\":\"https:\/\/www.ircon.ro\/home\/produs\/faringonil-trateaza-inflamatia-faringelui-si-amigdalelor\/#primaryimage\",\"inLanguage\":\"ro-RO\",\"url\":\"https:\/\/www.ircon.ro\/wp-content\/uploads\/2021\/01\/faringonil15-cpr.png\",\"width\":1000,\"height\":1000,\"caption\":\"faringonil15 cpr\"},{\"@type\":\"WebPage\",\"@id\":\"https:\/\/www.ircon.ro\/home\/produs\/faringonil-trateaza-inflamatia-faringelui-si-amigdalelor\/#webpage\",\"url\":\"https:\/\/www.ircon.ro\/home\/produs\/faringonil-trateaza-inflamatia-faringelui-si-amigdalelor\/\",\"name\":\"Trateaza inflama\\u021bia faringelui \\u0219i amigdalelor cu Faringonil - 23,25 g |\",\"isPartOf\":{\"@id\":\"https:\/\/www.ircon.ro\/home\/#website\"},\"primaryImageOfPage\":{\"@id\":\"https:\/\/www.ircon.ro\/home\/produs\/faringonil-trateaza-inflamatia-faringelui-si-amigdalelor\/#primaryimage\"},\"datePublished\":\"2021-01-08T13:04:21+00:00\",\"dateModified\":\"2024-01-18T07:32:12+00:00\",\"description\":\"Faringonil trateaza afectiunile caracterizate prin inflama\\u021bia acut\\u0103 sau cronic\\u0103 a faringelui \\u0219i amigdalelor palatine eliminand durerea.\",\"breadcrumb\":{\"@id\":\"https:\/\/www.ircon.ro\/home\/produs\/faringonil-trateaza-inflamatia-faringelui-si-amigdalelor\/#breadcrumb\"},\"inLanguage\":\"ro-RO\",\"potentialAction\":[{\"@type\":\"ReadAction\",\"target\":[\"https:\/\/www.ircon.ro\/home\/produs\/faringonil-trateaza-inflamatia-faringelui-si-amigdalelor\/\"]}]},{\"@type\":\"BreadcrumbList\",\"@id\":\"https:\/\/www.ircon.ro\/home\/produs\/faringonil-trateaza-inflamatia-faringelui-si-amigdalelor\/#breadcrumb\",\"itemListElement\":[{\"@type\":\"ListItem\",\"position\":1,\"item\":{\"@type\":\"WebPage\",\"@id\":\"https:\/\/www.ircon.ro\/home\/\",\"url\":\"https:\/\/www.ircon.ro\/home\/\",\"name\":\"Prima pagin\\u0103\"}},{\"@type\":\"ListItem\",\"position\":2,\"item\":{\"@type\":\"WebPage\",\"@id\":\"https:\/\/www.ircon.ro\/home\/produse-realizate-de-firma-ircon-srl\/\",\"url\":\"https:\/\/www.ircon.ro\/home\/produse-realizate-de-firma-ircon-srl\/\",\"name\":\"Produse\"}},{\"@type\":\"ListItem\",\"position\":3,\"item\":{\"@type\":\"WebPage\",\"@id\":\"https:\/\/www.ircon.ro\/home\/produs\/faringonil-trateaza-inflamatia-faringelui-si-amigdalelor\/\",\"url\":\"https:\/\/www.ircon.ro\/home\/produs\/faringonil-trateaza-inflamatia-faringelui-si-amigdalelor\/\",\"name\":\"Faringonil &#8211; 23,25 g\"}}]}]}<\/script>\n<!-- \/ Yoast SEO plugin. -->","_links":{"self":[{"href":"https:\/\/www.ircon.ro\/home\/wp-json\/wp\/v2\/product\/1239"}],"collection":[{"href":"https:\/\/www.ircon.ro\/home\/wp-json\/wp\/v2\/product"}],"about":[{"href":"https:\/\/www.ircon.ro\/home\/wp-json\/wp\/v2\/types\/product"}],"replies":[{"embeddable":true,"href":"https:\/\/www.ircon.ro\/home\/wp-json\/wp\/v2\/comments?post=1239"}],"version-history":[{"count":9,"href":"https:\/\/www.ircon.ro\/home\/wp-json\/wp\/v2\/product\/1239\/revisions"}],"predecessor-version":[{"id":2921,"href":"https:\/\/www.ircon.ro\/home\/wp-json\/wp\/v2\/product\/1239\/revisions\/2921"}],"wp:featuredmedia":[{"embeddable":true,"href":"https:\/\/www.ircon.ro\/home\/wp-json\/wp\/v2\/media\/2927"}],"wp:attachment":[{"href":"https:\/\/www.ircon.ro\/home\/wp-json\/wp\/v2\/media?parent=1239"}],"wp:term":[{"taxonomy":"product_cat","embeddable":true,"href":"https:\/\/www.ircon.ro\/home\/wp-json\/wp\/v2\/product_cat?post=1239"},{"taxonomy":"product_tag","embeddable":true,"href":"https:\/\/www.ircon.ro\/home\/wp-json\/wp\/v2\/product_tag?post=1239"}],"curies":[{"name":"wp","href":"https:\/\/api.w.org\/{rel}","templated":true}]}}