{"id":1273,"date":"2021-01-11T07:41:40","date_gmt":"2021-01-11T05:41:40","guid":{"rendered":"https:\/\/ircon.ro\/?post_type=product&#038;p=1273"},"modified":"2024-01-25T13:03:36","modified_gmt":"2024-01-25T11:03:36","slug":"calciud3-42g-supliment-alimentar-produs-de-ircon-srl","status":"publish","type":"product","link":"https:\/\/www.ircon.ro\/home\/produs\/calciud3-42g-supliment-alimentar-produs-de-ircon-srl\/","title":{"rendered":"Calciu+D3 &#8211; 42 g"},"content":{"rendered":"<h3>Calciu+D3 42g &#8211; supliment alimentar<\/h3>\n<p><strong>Ingrediente:<\/strong><\/p>\n<p>1 comprimat con\u0163ine carbonat de calciu corespunz\u0103tor pentru 500 mg calciu (62.5 % VNR*), vitamina D3 (200 UI, 100% VNR*) \u015fi excipien\u0163i: sorbitol, lactoz\u0103 (agen\u0163i de \u00eenc\u0103rcare), P.V.P (agent de \u00eengro\u015fare), manitol, celuloz\u0103 microcristalin\u0103 (agenti de \u00eenc\u0103rcare), talc (agent de propulsare), stearat de magneziu (agent antiaglomerant), amidon pregelatinizat (agent de \u00eengro\u015fare), arom\u0103 de l\u0103m\u00e2ie, aspartam, zaharina sodic\u0103 (\u00eendulcitori), mentol, ulei de ment\u0103.<\/p>\n<p><strong>Mod de administrare:<\/strong><\/p>\n<p>Adul\u0163i: 1-2 comprimate pe zi<br \/>\nCopii: doar la indica\u0163ia medicului<\/p>\n<p><strong>Contraindica\u021bii:<\/strong><\/p>\n<p>Contraindicat persoanelor alergice la unul din componentele produsului.<\/p>\n<p>&nbsp;<\/p>\n<p>&nbsp;<\/p>\n","protected":false},"excerpt":{"rendered":"<p><strong>Calciul<\/strong> este necesar pentru men\u0163inerea s\u0103n\u0103t\u0103\u0163ii sistemului osos \u015fi a din\u0163ilor, contribuie la coagularea normala a s\u00e2ngelui, la func\u0163ionarea normala a sistemului muscular, la metabolismul energetic normal, la o neurotransmisie normal\u0103, la func\u0163ionarea normal\u0103 a enzimelor digestive.<\/p>\n<p style=\"text-align: left;\"><strong>Vitamina D<\/strong> contribuie la absorb\u0163ia\/utilizarea normal\u0103 a calciului \u015fi a fosforului, la men\u0163inerea<br \/>\nconcentra\u0163iei normale a calciului \u00een s\u00e2nge, la men\u0163inerea s\u0103n\u0103t\u0103\u0163ii sistemului osos \u015fi a din\u0163ilor precum \u015fi la men\u0163inerea func\u0163iei normale a sistemului muscular.<\/p>\n","protected":false},"featured_media":1532,"comment_status":"open","ping_status":"closed","template":"","meta":[],"product_cat":[21],"product_tag":[37],"yoast_head":"<!-- This site is optimized with the Yoast SEO plugin v15.8 - https:\/\/yoast.com\/wordpress\/plugins\/seo\/ -->\n<title>Calciu+D3 42g Supliment alimentar Ircon SRL Calciu+D3 - 42 g<\/title>\n<meta name=\"description\" content=\"Calciu+D3 contribuie la men\u021binerea s\u0103n\u0103t\u0103\u021bii sistemului osos \u0219i muscular, metabolismului energetic, precum \u0219i coagularea normal\u0103 a s\u00e2ngelui.\" \/>\n<meta name=\"robots\" content=\"index, follow, max-snippet:-1, max-image-preview:large, max-video-preview:-1\" \/>\n<link rel=\"canonical\" href=\"https:\/\/www.ircon.ro\/home\/produs\/calciud3-42g-supliment-alimentar-produs-de-ircon-srl\/\" \/>\n<meta property=\"og:locale\" content=\"ro_RO\" \/>\n<meta property=\"og:type\" content=\"article\" \/>\n<meta property=\"og:title\" content=\"Calciu+D3 42g Supliment alimentar Ircon SRL Calciu+D3 - 42 g\" \/>\n<meta property=\"og:description\" content=\"Calciu+D3 contribuie la men\u021binerea s\u0103n\u0103t\u0103\u021bii sistemului osos \u0219i muscular, metabolismului energetic, precum \u0219i coagularea normal\u0103 a s\u00e2ngelui.\" \/>\n<meta property=\"og:url\" content=\"https:\/\/www.ircon.ro\/home\/produs\/calciud3-42g-supliment-alimentar-produs-de-ircon-srl\/\" \/>\n<meta property=\"article:publisher\" content=\"https:\/\/www.facebook.com\/IRCON-562019920546430\/\" \/>\n<meta property=\"article:modified_time\" content=\"2024-01-25T11:03:36+00:00\" \/>\n<meta property=\"og:image\" content=\"https:\/\/www.ircon.ro\/wp-content\/uploads\/2021\/01\/calciu_D3.png\" \/>\n\t<meta property=\"og:image:width\" content=\"1000\" \/>\n\t<meta property=\"og:image:height\" content=\"1000\" \/>\n<meta name=\"twitter:card\" content=\"summary_large_image\" \/>\n<meta name=\"twitter:label1\" content=\"Timp estimat pentru citire\">\n\t<meta name=\"twitter:data1\" content=\"1 minut\">\n<script type=\"application\/ld+json\" class=\"yoast-schema-graph\">{\"@context\":\"https:\/\/schema.org\",\"@graph\":[{\"@type\":\"Organization\",\"@id\":\"https:\/\/www.ircon.ro\/home\/#organization\",\"name\":\"Ircon SRL\",\"url\":\"https:\/\/www.ircon.ro\/home\/\",\"sameAs\":[\"https:\/\/www.facebook.com\/IRCON-562019920546430\/\"],\"logo\":{\"@type\":\"ImageObject\",\"@id\":\"https:\/\/www.ircon.ro\/home\/#logo\",\"inLanguage\":\"ro-RO\",\"url\":\"https:\/\/www.ircon.ro\/wp-content\/uploads\/2021\/01\/cropped-cropped-Logo_Ircon-1.png\",\"width\":400,\"height\":140,\"caption\":\"Ircon SRL\"},\"image\":{\"@id\":\"https:\/\/www.ircon.ro\/home\/#logo\"}},{\"@type\":\"WebSite\",\"@id\":\"https:\/\/www.ircon.ro\/home\/#website\",\"url\":\"https:\/\/www.ircon.ro\/home\/\",\"name\":\"Ircon\",\"description\":\"Prin \\u0219tiin\\u021b\\u0103 prevenim \\u0219i \\u00eenvingem!\",\"publisher\":{\"@id\":\"https:\/\/www.ircon.ro\/home\/#organization\"},\"potentialAction\":[{\"@type\":\"SearchAction\",\"target\":\"https:\/\/www.ircon.ro\/home\/?s={search_term_string}\",\"query-input\":\"required name=search_term_string\"}],\"inLanguage\":\"ro-RO\"},{\"@type\":\"ImageObject\",\"@id\":\"https:\/\/www.ircon.ro\/home\/produs\/calciud3-42g-supliment-alimentar-produs-de-ircon-srl\/#primaryimage\",\"inLanguage\":\"ro-RO\",\"url\":\"https:\/\/www.ircon.ro\/wp-content\/uploads\/2021\/01\/calciu_D3.png\",\"width\":1000,\"height\":1000,\"caption\":\"Calciu+D3 42g Supliment alimentar produs de Ircon SRL\"},{\"@type\":\"WebPage\",\"@id\":\"https:\/\/www.ircon.ro\/home\/produs\/calciud3-42g-supliment-alimentar-produs-de-ircon-srl\/#webpage\",\"url\":\"https:\/\/www.ircon.ro\/home\/produs\/calciud3-42g-supliment-alimentar-produs-de-ircon-srl\/\",\"name\":\"Calciu+D3 42g Supliment alimentar Ircon SRL Calciu+D3 - 42 g\",\"isPartOf\":{\"@id\":\"https:\/\/www.ircon.ro\/home\/#website\"},\"primaryImageOfPage\":{\"@id\":\"https:\/\/www.ircon.ro\/home\/produs\/calciud3-42g-supliment-alimentar-produs-de-ircon-srl\/#primaryimage\"},\"datePublished\":\"2021-01-11T05:41:40+00:00\",\"dateModified\":\"2024-01-25T11:03:36+00:00\",\"description\":\"Calciu+D3 contribuie la men\\u021binerea s\\u0103n\\u0103t\\u0103\\u021bii sistemului osos \\u0219i muscular, metabolismului energetic, precum \\u0219i coagularea normal\\u0103 a s\\u00e2ngelui.\",\"breadcrumb\":{\"@id\":\"https:\/\/www.ircon.ro\/home\/produs\/calciud3-42g-supliment-alimentar-produs-de-ircon-srl\/#breadcrumb\"},\"inLanguage\":\"ro-RO\",\"potentialAction\":[{\"@type\":\"ReadAction\",\"target\":[\"https:\/\/www.ircon.ro\/home\/produs\/calciud3-42g-supliment-alimentar-produs-de-ircon-srl\/\"]}]},{\"@type\":\"BreadcrumbList\",\"@id\":\"https:\/\/www.ircon.ro\/home\/produs\/calciud3-42g-supliment-alimentar-produs-de-ircon-srl\/#breadcrumb\",\"itemListElement\":[{\"@type\":\"ListItem\",\"position\":1,\"item\":{\"@type\":\"WebPage\",\"@id\":\"https:\/\/www.ircon.ro\/home\/\",\"url\":\"https:\/\/www.ircon.ro\/home\/\",\"name\":\"Prima pagin\\u0103\"}},{\"@type\":\"ListItem\",\"position\":2,\"item\":{\"@type\":\"WebPage\",\"@id\":\"https:\/\/www.ircon.ro\/home\/produse-realizate-de-firma-ircon-srl\/\",\"url\":\"https:\/\/www.ircon.ro\/home\/produse-realizate-de-firma-ircon-srl\/\",\"name\":\"Produse\"}},{\"@type\":\"ListItem\",\"position\":3,\"item\":{\"@type\":\"WebPage\",\"@id\":\"https:\/\/www.ircon.ro\/home\/produs\/calciud3-42g-supliment-alimentar-produs-de-ircon-srl\/\",\"url\":\"https:\/\/www.ircon.ro\/home\/produs\/calciud3-42g-supliment-alimentar-produs-de-ircon-srl\/\",\"name\":\"Calciu+D3 &#8211; 42 g\"}}]}]}<\/script>\n<!-- \/ Yoast SEO plugin. -->","_links":{"self":[{"href":"https:\/\/www.ircon.ro\/home\/wp-json\/wp\/v2\/product\/1273"}],"collection":[{"href":"https:\/\/www.ircon.ro\/home\/wp-json\/wp\/v2\/product"}],"about":[{"href":"https:\/\/www.ircon.ro\/home\/wp-json\/wp\/v2\/types\/product"}],"replies":[{"embeddable":true,"href":"https:\/\/www.ircon.ro\/home\/wp-json\/wp\/v2\/comments?post=1273"}],"version-history":[{"count":5,"href":"https:\/\/www.ircon.ro\/home\/wp-json\/wp\/v2\/product\/1273\/revisions"}],"predecessor-version":[{"id":2785,"href":"https:\/\/www.ircon.ro\/home\/wp-json\/wp\/v2\/product\/1273\/revisions\/2785"}],"wp:featuredmedia":[{"embeddable":true,"href":"https:\/\/www.ircon.ro\/home\/wp-json\/wp\/v2\/media\/1532"}],"wp:attachment":[{"href":"https:\/\/www.ircon.ro\/home\/wp-json\/wp\/v2\/media?parent=1273"}],"wp:term":[{"taxonomy":"product_cat","embeddable":true,"href":"https:\/\/www.ircon.ro\/home\/wp-json\/wp\/v2\/product_cat?post=1273"},{"taxonomy":"product_tag","embeddable":true,"href":"https:\/\/www.ircon.ro\/home\/wp-json\/wp\/v2\/product_tag?post=1273"}],"curies":[{"name":"wp","href":"https:\/\/api.w.org\/{rel}","templated":true}]}}