{"id":1274,"date":"2021-01-11T07:42:06","date_gmt":"2021-01-11T05:42:06","guid":{"rendered":"https:\/\/ircon.ro\/?post_type=product&#038;p=1274"},"modified":"2021-10-13T12:25:11","modified_gmt":"2021-10-13T09:25:11","slug":"vitamina-k-100-%ce%bcg-supliment-alimentar","status":"publish","type":"product","link":"https:\/\/www.ircon.ro\/home\/produs\/vitamina-k-100-%ce%bcg-supliment-alimentar\/","title":{"rendered":"Vitamina K 100 \u03bcg"},"content":{"rendered":"<h3>Vitamina K 100 \u03bcg &#8211; supliment alimentar<\/h3>\n<p><strong>Ingrediente:<\/strong><br \/>\nlactoz\u01ce monohidrat, celuloz\u01ce microcristalin\u01ce (agen\u0163i de \u00eenc\u01cercare), stearat de magneziu (agent antiaglomerant), talc (agent de propulsare), crospovidona (stabilizator), vitamina K (100 \u03bcg, 133,3%VNR*).<\/p>\n<p>*Valoarea nutri\u0163ional\u01ce de referin\u0163\u01ce, conform regulamentului 1169\/2011.<\/p>\n<p><strong>Mod de utilizare:<\/strong><br \/>\n1 comprimat pe zi preferabil \u00een timpul mesei sau dup\u0103 servirea mesei.<br \/>\nDestinat adul\u021bilor.<\/p>\n<p><strong>Contraindica\u021bii:<\/strong><\/p>\n<p>Dac\u0103 sunte\u021bi sub tratament cu medicamente de fluidificare a s\u00e2ngelui, \u00eenainte de utilizare, consulta\u021bi un medic.<\/p>\n","protected":false},"excerpt":{"rendered":"<p><strong>Vitamina K 100 \u03bcg &#8211; supliment alimentar ce contribuie la coagularea normal\u0103 a s\u00e2ngelui \u0219i men\u021binerea s\u0103n\u0103t\u0103\u021bii sistemului osos.<\/strong><\/p>\n","protected":false},"featured_media":2712,"comment_status":"open","ping_status":"closed","template":"","meta":[],"product_cat":[21],"product_tag":[104,62,105,38],"yoast_head":"<!-- This site is optimized with the Yoast SEO plugin v15.8 - https:\/\/yoast.com\/wordpress\/plugins\/seo\/ -->\n<title>Vitamina K 100 \u03bcg - supliment alimentar Vitamina K 100 \u03bcg  |<\/title>\n<meta name=\"description\" content=\"Vitamina K 100 \u03bcg - supliment alimentar ce contribuie la coagularea normal\u0103 a s\u00e2ngelui \u0219i men\u021binerea s\u0103n\u0103t\u0103\u021bii sistemului osos.\" \/>\n<meta name=\"robots\" content=\"index, follow, max-snippet:-1, max-image-preview:large, max-video-preview:-1\" \/>\n<link rel=\"canonical\" href=\"https:\/\/www.ircon.ro\/home\/produs\/vitamina-k-100-\u03bcg-supliment-alimentar\/\" \/>\n<meta property=\"og:locale\" content=\"ro_RO\" \/>\n<meta property=\"og:type\" content=\"article\" \/>\n<meta property=\"og:title\" content=\"Vitamina K 100 \u03bcg - supliment alimentar Vitamina K 100 \u03bcg  |\" \/>\n<meta property=\"og:description\" content=\"Vitamina K 100 \u03bcg - supliment alimentar ce contribuie la coagularea normal\u0103 a s\u00e2ngelui \u0219i men\u021binerea s\u0103n\u0103t\u0103\u021bii sistemului osos.\" \/>\n<meta property=\"og:url\" content=\"https:\/\/www.ircon.ro\/home\/produs\/vitamina-k-100-\u03bcg-supliment-alimentar\/\" \/>\n<meta property=\"article:publisher\" content=\"https:\/\/www.facebook.com\/IRCON-562019920546430\/\" \/>\n<meta property=\"article:modified_time\" content=\"2021-10-13T09:25:11+00:00\" \/>\n<meta property=\"og:image\" content=\"https:\/\/www.ircon.ro\/wp-content\/uploads\/2021\/01\/vitamina_k.png\" \/>\n\t<meta property=\"og:image:width\" content=\"1000\" \/>\n\t<meta property=\"og:image:height\" content=\"1000\" \/>\n<meta name=\"twitter:card\" content=\"summary_large_image\" \/>\n<meta name=\"twitter:label1\" content=\"Timp estimat pentru citire\">\n\t<meta name=\"twitter:data1\" content=\"1 minut\">\n<script type=\"application\/ld+json\" class=\"yoast-schema-graph\">{\"@context\":\"https:\/\/schema.org\",\"@graph\":[{\"@type\":\"Organization\",\"@id\":\"https:\/\/www.ircon.ro\/home\/#organization\",\"name\":\"Ircon SRL\",\"url\":\"https:\/\/www.ircon.ro\/home\/\",\"sameAs\":[\"https:\/\/www.facebook.com\/IRCON-562019920546430\/\"],\"logo\":{\"@type\":\"ImageObject\",\"@id\":\"https:\/\/www.ircon.ro\/home\/#logo\",\"inLanguage\":\"ro-RO\",\"url\":\"https:\/\/www.ircon.ro\/wp-content\/uploads\/2021\/01\/cropped-cropped-Logo_Ircon-1.png\",\"width\":400,\"height\":140,\"caption\":\"Ircon SRL\"},\"image\":{\"@id\":\"https:\/\/www.ircon.ro\/home\/#logo\"}},{\"@type\":\"WebSite\",\"@id\":\"https:\/\/www.ircon.ro\/home\/#website\",\"url\":\"https:\/\/www.ircon.ro\/home\/\",\"name\":\"Ircon\",\"description\":\"Prin \\u0219tiin\\u021b\\u0103 prevenim \\u0219i \\u00eenvingem!\",\"publisher\":{\"@id\":\"https:\/\/www.ircon.ro\/home\/#organization\"},\"potentialAction\":[{\"@type\":\"SearchAction\",\"target\":\"https:\/\/www.ircon.ro\/home\/?s={search_term_string}\",\"query-input\":\"required name=search_term_string\"}],\"inLanguage\":\"ro-RO\"},{\"@type\":\"ImageObject\",\"@id\":\"https:\/\/www.ircon.ro\/home\/produs\/vitamina-k-100-%ce%bcg-supliment-alimentar\/#primaryimage\",\"inLanguage\":\"ro-RO\",\"url\":\"https:\/\/www.ircon.ro\/wp-content\/uploads\/2021\/01\/vitamina_k.png\",\"width\":1000,\"height\":1000,\"caption\":\"Vitamina K 100 \\u03bcg - supliment alimentar\"},{\"@type\":\"WebPage\",\"@id\":\"https:\/\/www.ircon.ro\/home\/produs\/vitamina-k-100-%ce%bcg-supliment-alimentar\/#webpage\",\"url\":\"https:\/\/www.ircon.ro\/home\/produs\/vitamina-k-100-%ce%bcg-supliment-alimentar\/\",\"name\":\"Vitamina K 100 \\u03bcg - supliment alimentar Vitamina K 100 \\u03bcg |\",\"isPartOf\":{\"@id\":\"https:\/\/www.ircon.ro\/home\/#website\"},\"primaryImageOfPage\":{\"@id\":\"https:\/\/www.ircon.ro\/home\/produs\/vitamina-k-100-%ce%bcg-supliment-alimentar\/#primaryimage\"},\"datePublished\":\"2021-01-11T05:42:06+00:00\",\"dateModified\":\"2021-10-13T09:25:11+00:00\",\"description\":\"Vitamina K 100 \\u03bcg - supliment alimentar ce contribuie la coagularea normal\\u0103 a s\\u00e2ngelui \\u0219i men\\u021binerea s\\u0103n\\u0103t\\u0103\\u021bii sistemului osos.\",\"breadcrumb\":{\"@id\":\"https:\/\/www.ircon.ro\/home\/produs\/vitamina-k-100-%ce%bcg-supliment-alimentar\/#breadcrumb\"},\"inLanguage\":\"ro-RO\",\"potentialAction\":[{\"@type\":\"ReadAction\",\"target\":[\"https:\/\/www.ircon.ro\/home\/produs\/vitamina-k-100-%ce%bcg-supliment-alimentar\/\"]}]},{\"@type\":\"BreadcrumbList\",\"@id\":\"https:\/\/www.ircon.ro\/home\/produs\/vitamina-k-100-%ce%bcg-supliment-alimentar\/#breadcrumb\",\"itemListElement\":[{\"@type\":\"ListItem\",\"position\":1,\"item\":{\"@type\":\"WebPage\",\"@id\":\"https:\/\/www.ircon.ro\/home\/\",\"url\":\"https:\/\/www.ircon.ro\/home\/\",\"name\":\"Prima pagin\\u0103\"}},{\"@type\":\"ListItem\",\"position\":2,\"item\":{\"@type\":\"WebPage\",\"@id\":\"https:\/\/www.ircon.ro\/home\/produse-realizate-de-firma-ircon-srl\/\",\"url\":\"https:\/\/www.ircon.ro\/home\/produse-realizate-de-firma-ircon-srl\/\",\"name\":\"Produse\"}},{\"@type\":\"ListItem\",\"position\":3,\"item\":{\"@type\":\"WebPage\",\"@id\":\"https:\/\/www.ircon.ro\/home\/produs\/vitamina-k-100-%ce%bcg-supliment-alimentar\/\",\"url\":\"https:\/\/www.ircon.ro\/home\/produs\/vitamina-k-100-%ce%bcg-supliment-alimentar\/\",\"name\":\"Vitamina K 100 \\u03bcg\"}}]}]}<\/script>\n<!-- \/ Yoast SEO plugin. -->","_links":{"self":[{"href":"https:\/\/www.ircon.ro\/home\/wp-json\/wp\/v2\/product\/1274"}],"collection":[{"href":"https:\/\/www.ircon.ro\/home\/wp-json\/wp\/v2\/product"}],"about":[{"href":"https:\/\/www.ircon.ro\/home\/wp-json\/wp\/v2\/types\/product"}],"replies":[{"embeddable":true,"href":"https:\/\/www.ircon.ro\/home\/wp-json\/wp\/v2\/comments?post=1274"}],"version-history":[{"count":4,"href":"https:\/\/www.ircon.ro\/home\/wp-json\/wp\/v2\/product\/1274\/revisions"}],"predecessor-version":[{"id":2716,"href":"https:\/\/www.ircon.ro\/home\/wp-json\/wp\/v2\/product\/1274\/revisions\/2716"}],"wp:featuredmedia":[{"embeddable":true,"href":"https:\/\/www.ircon.ro\/home\/wp-json\/wp\/v2\/media\/2712"}],"wp:attachment":[{"href":"https:\/\/www.ircon.ro\/home\/wp-json\/wp\/v2\/media?parent=1274"}],"wp:term":[{"taxonomy":"product_cat","embeddable":true,"href":"https:\/\/www.ircon.ro\/home\/wp-json\/wp\/v2\/product_cat?post=1274"},{"taxonomy":"product_tag","embeddable":true,"href":"https:\/\/www.ircon.ro\/home\/wp-json\/wp\/v2\/product_tag?post=1274"}],"curies":[{"name":"wp","href":"https:\/\/api.w.org\/{rel}","templated":true}]}}