{"id":1275,"date":"2021-01-11T07:43:20","date_gmt":"2021-01-11T05:43:20","guid":{"rendered":"https:\/\/ircon.ro\/?post_type=product&#038;p=1275"},"modified":"2022-09-09T08:25:29","modified_gmt":"2022-09-09T05:25:29","slug":"ajuta-si-intareste-sistemul-imunitar","status":"publish","type":"product","link":"https:\/\/www.ircon.ro\/home\/produs\/ajuta-si-intareste-sistemul-imunitar\/","title":{"rendered":"Vitamina D3 1000 UI"},"content":{"rendered":"<p><strong>Ingrediente:<\/strong><\/p>\n<p>lactoz\u0103 monohidrat, celuloz\u0103 microcristalin\u0103 (agen\u0163i de \u00eenc\u0103rcare), 25 \u03bcg vitamina D3 (500%VNR*), stearat de magneziu (agent antiaglomerant), talc (agent de propulsare), crospovidona (stabilizator).<\/p>\n<p><strong>Mod de administrare:<\/strong><br \/>\n1-2 comprimate pe zi.<br \/>\nDestinat adul\u021bilor.<\/p>\n<p><strong>Contrindica\u021bii:<\/strong><\/p>\n<p>Administrarea produsului nu este recomandat\u0103 \u00een cazul unor nivele crescute de calciu \u00een s\u00e2nge \u015fi urin\u0103, respectiv \u00een cazurile de calculi renali cu con\u0163inut de calciu.<\/p>\n","protected":false},"excerpt":{"rendered":"<p><strong>Vitamina D<\/strong> contribuie la absorb\u0163ia \/ utilizarea normal\u0103 a calciului \u015fi fosforului, men\u021binerea concentra\u021biilor normale de calciu \u00een s\u00e2nge, men\u021binerea s\u0103n\u0103t\u0103\u021bii sistemului osos, a func\u021biei normale a sistemului muscular, s\u0103n\u0103t\u0103\u021bii din\u021bilor \u0219i func\u021bionarea normal\u0103 a sistemului imunitar, particip\u00e2nd la procesul de diviziune celular\u0103.<\/p>\n","protected":false},"featured_media":1537,"comment_status":"open","ping_status":"closed","template":"","meta":[],"product_cat":[21],"product_tag":[87,88,39],"yoast_head":"<!-- This site is optimized with the Yoast SEO plugin v15.8 - https:\/\/yoast.com\/wordpress\/plugins\/seo\/ -->\n<title>Ajut\u0103 \u0219i \u00eent\u0103re\u0219te sistemul imunitar Vitamina D3 1000 UI |<\/title>\n<meta name=\"description\" content=\"Vitamina D3 1000 UI ajut\u0103 \u0219i \u00eent\u0103re\u0219te sistemul imunitar contribuind la men\u021binerea st\u0103rii de bine \u0219i a s\u0103n\u0103ta\u021bii generale.\" \/>\n<meta name=\"robots\" content=\"index, follow, max-snippet:-1, max-image-preview:large, max-video-preview:-1\" \/>\n<link rel=\"canonical\" href=\"https:\/\/www.ircon.ro\/home\/produs\/ajuta-si-intareste-sistemul-imunitar\/\" \/>\n<meta property=\"og:locale\" content=\"ro_RO\" \/>\n<meta property=\"og:type\" content=\"article\" \/>\n<meta property=\"og:title\" content=\"Ajut\u0103 \u0219i \u00eent\u0103re\u0219te sistemul imunitar Vitamina D3 1000 UI |\" \/>\n<meta property=\"og:description\" content=\"Vitamina D3 1000 UI ajut\u0103 \u0219i \u00eent\u0103re\u0219te sistemul imunitar contribuind la men\u021binerea st\u0103rii de bine \u0219i a s\u0103n\u0103ta\u021bii generale.\" \/>\n<meta property=\"og:url\" content=\"https:\/\/www.ircon.ro\/home\/produs\/ajuta-si-intareste-sistemul-imunitar\/\" \/>\n<meta property=\"article:publisher\" content=\"https:\/\/www.facebook.com\/IRCON-562019920546430\/\" \/>\n<meta property=\"article:modified_time\" content=\"2022-09-09T05:25:29+00:00\" \/>\n<meta property=\"og:image\" content=\"https:\/\/www.ircon.ro\/wp-content\/uploads\/2021\/01\/vitamina_D3.png\" \/>\n\t<meta property=\"og:image:width\" content=\"1000\" \/>\n\t<meta property=\"og:image:height\" content=\"1000\" \/>\n<meta name=\"twitter:card\" content=\"summary_large_image\" \/>\n<meta name=\"twitter:label1\" content=\"Timp estimat pentru citire\">\n\t<meta name=\"twitter:data1\" content=\"1 minut\">\n<script type=\"application\/ld+json\" class=\"yoast-schema-graph\">{\"@context\":\"https:\/\/schema.org\",\"@graph\":[{\"@type\":\"Organization\",\"@id\":\"https:\/\/www.ircon.ro\/home\/#organization\",\"name\":\"Ircon SRL\",\"url\":\"https:\/\/www.ircon.ro\/home\/\",\"sameAs\":[\"https:\/\/www.facebook.com\/IRCON-562019920546430\/\"],\"logo\":{\"@type\":\"ImageObject\",\"@id\":\"https:\/\/www.ircon.ro\/home\/#logo\",\"inLanguage\":\"ro-RO\",\"url\":\"https:\/\/www.ircon.ro\/wp-content\/uploads\/2021\/01\/cropped-cropped-Logo_Ircon-1.png\",\"width\":400,\"height\":140,\"caption\":\"Ircon SRL\"},\"image\":{\"@id\":\"https:\/\/www.ircon.ro\/home\/#logo\"}},{\"@type\":\"WebSite\",\"@id\":\"https:\/\/www.ircon.ro\/home\/#website\",\"url\":\"https:\/\/www.ircon.ro\/home\/\",\"name\":\"Ircon\",\"description\":\"Prin \\u0219tiin\\u021b\\u0103 prevenim \\u0219i \\u00eenvingem!\",\"publisher\":{\"@id\":\"https:\/\/www.ircon.ro\/home\/#organization\"},\"potentialAction\":[{\"@type\":\"SearchAction\",\"target\":\"https:\/\/www.ircon.ro\/home\/?s={search_term_string}\",\"query-input\":\"required name=search_term_string\"}],\"inLanguage\":\"ro-RO\"},{\"@type\":\"ImageObject\",\"@id\":\"https:\/\/www.ircon.ro\/home\/produs\/ajuta-si-intareste-sistemul-imunitar\/#primaryimage\",\"inLanguage\":\"ro-RO\",\"url\":\"https:\/\/www.ircon.ro\/wp-content\/uploads\/2021\/01\/vitamina_D3.png\",\"width\":1000,\"height\":1000,\"caption\":\"Ajut\\u0103 \\u0219i \\u00eent\\u0103re\\u0219te sistemul imunitar\"},{\"@type\":\"WebPage\",\"@id\":\"https:\/\/www.ircon.ro\/home\/produs\/ajuta-si-intareste-sistemul-imunitar\/#webpage\",\"url\":\"https:\/\/www.ircon.ro\/home\/produs\/ajuta-si-intareste-sistemul-imunitar\/\",\"name\":\"Ajut\\u0103 \\u0219i \\u00eent\\u0103re\\u0219te sistemul imunitar Vitamina D3 1000 UI |\",\"isPartOf\":{\"@id\":\"https:\/\/www.ircon.ro\/home\/#website\"},\"primaryImageOfPage\":{\"@id\":\"https:\/\/www.ircon.ro\/home\/produs\/ajuta-si-intareste-sistemul-imunitar\/#primaryimage\"},\"datePublished\":\"2021-01-11T05:43:20+00:00\",\"dateModified\":\"2022-09-09T05:25:29+00:00\",\"description\":\"Vitamina D3 1000 UI ajut\\u0103 \\u0219i \\u00eent\\u0103re\\u0219te sistemul imunitar contribuind la men\\u021binerea st\\u0103rii de bine \\u0219i a s\\u0103n\\u0103ta\\u021bii generale.\",\"breadcrumb\":{\"@id\":\"https:\/\/www.ircon.ro\/home\/produs\/ajuta-si-intareste-sistemul-imunitar\/#breadcrumb\"},\"inLanguage\":\"ro-RO\",\"potentialAction\":[{\"@type\":\"ReadAction\",\"target\":[\"https:\/\/www.ircon.ro\/home\/produs\/ajuta-si-intareste-sistemul-imunitar\/\"]}]},{\"@type\":\"BreadcrumbList\",\"@id\":\"https:\/\/www.ircon.ro\/home\/produs\/ajuta-si-intareste-sistemul-imunitar\/#breadcrumb\",\"itemListElement\":[{\"@type\":\"ListItem\",\"position\":1,\"item\":{\"@type\":\"WebPage\",\"@id\":\"https:\/\/www.ircon.ro\/home\/\",\"url\":\"https:\/\/www.ircon.ro\/home\/\",\"name\":\"Prima pagin\\u0103\"}},{\"@type\":\"ListItem\",\"position\":2,\"item\":{\"@type\":\"WebPage\",\"@id\":\"https:\/\/www.ircon.ro\/home\/produse-realizate-de-firma-ircon-srl\/\",\"url\":\"https:\/\/www.ircon.ro\/home\/produse-realizate-de-firma-ircon-srl\/\",\"name\":\"Produse\"}},{\"@type\":\"ListItem\",\"position\":3,\"item\":{\"@type\":\"WebPage\",\"@id\":\"https:\/\/www.ircon.ro\/home\/produs\/ajuta-si-intareste-sistemul-imunitar\/\",\"url\":\"https:\/\/www.ircon.ro\/home\/produs\/ajuta-si-intareste-sistemul-imunitar\/\",\"name\":\"Vitamina D3 1000 UI\"}}]}]}<\/script>\n<!-- \/ Yoast SEO plugin. -->","_links":{"self":[{"href":"https:\/\/www.ircon.ro\/home\/wp-json\/wp\/v2\/product\/1275"}],"collection":[{"href":"https:\/\/www.ircon.ro\/home\/wp-json\/wp\/v2\/product"}],"about":[{"href":"https:\/\/www.ircon.ro\/home\/wp-json\/wp\/v2\/types\/product"}],"replies":[{"embeddable":true,"href":"https:\/\/www.ircon.ro\/home\/wp-json\/wp\/v2\/comments?post=1275"}],"version-history":[{"count":7,"href":"https:\/\/www.ircon.ro\/home\/wp-json\/wp\/v2\/product\/1275\/revisions"}],"predecessor-version":[{"id":3043,"href":"https:\/\/www.ircon.ro\/home\/wp-json\/wp\/v2\/product\/1275\/revisions\/3043"}],"wp:featuredmedia":[{"embeddable":true,"href":"https:\/\/www.ircon.ro\/home\/wp-json\/wp\/v2\/media\/1537"}],"wp:attachment":[{"href":"https:\/\/www.ircon.ro\/home\/wp-json\/wp\/v2\/media?parent=1275"}],"wp:term":[{"taxonomy":"product_cat","embeddable":true,"href":"https:\/\/www.ircon.ro\/home\/wp-json\/wp\/v2\/product_cat?post=1275"},{"taxonomy":"product_tag","embeddable":true,"href":"https:\/\/www.ircon.ro\/home\/wp-json\/wp\/v2\/product_tag?post=1275"}],"curies":[{"name":"wp","href":"https:\/\/api.w.org\/{rel}","templated":true}]}}