{"id":1277,"date":"2021-01-11T07:44:43","date_gmt":"2021-01-11T05:44:43","guid":{"rendered":"https:\/\/ircon.ro\/?post_type=product&#038;p=1277"},"modified":"2022-09-08T14:48:30","modified_gmt":"2022-09-08T11:48:30","slug":"vitamina-c-500mg-30-comprimate-masticabile","status":"publish","type":"product","link":"https:\/\/www.ircon.ro\/home\/produs\/vitamina-c-500mg-30-comprimate-masticabile\/","title":{"rendered":"Vitamina C 500mg"},"content":{"rendered":"<h3><strong>Vitamina C 500mg &#8211; 30 comprimate masticabile<\/strong><\/h3>\n<p><strong>Ingrediente:<\/strong><\/p>\n<p>1 comprimat\u00a0 con\u021bine acid ascorbic 500mg (625% din VNR) \u0219i excipien\u021bi: sorbitol, celuloz\u0103 microcristalin\u0103, lactoz\u0103 monohidrat, (agen\u021bi de \u00eenc\u0103rcare), talc (agent de propulsare),\u00a0 stearat de magneziu (antiaglomerant), arom\u0103 de l\u0103m\u00e2ie, aspartam, zaharin\u0103 sodic\u0103 (\u00eendulcitori).<\/p>\n<p><strong>Mod de administrare:<\/strong><\/p>\n<p>1 comprimat de zi<\/p>\n<p><strong>Contraindica\u021bii:<\/strong><\/p>\n<p>Contraindicat persoanelor alergice la unul din componentele produsului.<\/p>\n<p>&nbsp;<\/p>\n","protected":false},"excerpt":{"rendered":"<p><strong> Vitamina C<\/strong> cre\u015fte absorb\u0163ia fierului \u015fi contribuie la men\u0163inerea s\u0103n\u0103t\u0103\u0163ii psihice \u015fi a func\u0163ion\u0103rii normale a sistemului imunitar \u00een timpul exerci\u0163iilor fizice intense \u015fi dup\u0103 acestea, la formarea normal\u0103 a colagenului pentru func\u0163ionarea normal\u0103 a vaselor de s\u00e2nge, a sistemului osos, contribuie la metabalismul energetic normal \u0219i la protejarea celulelor \u00eempotriva stresului oxidativ.<\/p>\n","protected":false},"featured_media":1539,"comment_status":"open","ping_status":"closed","template":"","meta":[],"product_cat":[21],"product_tag":[86,51],"yoast_head":"<!-- This site is optimized with the Yoast SEO plugin v15.8 - https:\/\/yoast.com\/wordpress\/plugins\/seo\/ -->\n<title>Supliment alimentar cu indulcitori| Vitamina C 500mg<\/title>\n<meta name=\"description\" content=\"Vitamina C 500 mg cre\u015fte absorb\u0163ia fierului \u015fi contribuie la men\u0163inerea s\u0103n\u0103t\u0103\u0163ii psihice \u015fi a func\u0163ion\u0103rii normale a sistemului imunitar\" \/>\n<meta name=\"robots\" content=\"index, follow, max-snippet:-1, max-image-preview:large, max-video-preview:-1\" \/>\n<link rel=\"canonical\" href=\"https:\/\/www.ircon.ro\/home\/produs\/vitamina-c-500mg-30-comprimate-masticabile\/\" \/>\n<meta property=\"og:locale\" content=\"ro_RO\" \/>\n<meta property=\"og:type\" content=\"article\" \/>\n<meta property=\"og:title\" content=\"Supliment alimentar cu indulcitori| Vitamina C 500mg\" \/>\n<meta property=\"og:description\" content=\"Vitamina C 500 mg cre\u015fte absorb\u0163ia fierului \u015fi contribuie la men\u0163inerea s\u0103n\u0103t\u0103\u0163ii psihice \u015fi a func\u0163ion\u0103rii normale a sistemului imunitar\" \/>\n<meta property=\"og:url\" content=\"https:\/\/www.ircon.ro\/home\/produs\/vitamina-c-500mg-30-comprimate-masticabile\/\" \/>\n<meta property=\"article:publisher\" content=\"https:\/\/www.facebook.com\/IRCON-562019920546430\/\" \/>\n<meta property=\"article:modified_time\" content=\"2022-09-08T11:48:30+00:00\" \/>\n<meta property=\"og:image\" content=\"https:\/\/www.ircon.ro\/wp-content\/uploads\/2021\/01\/vitamina_\u0421_lamaie_500.png\" \/>\n\t<meta property=\"og:image:width\" content=\"1000\" \/>\n\t<meta property=\"og:image:height\" content=\"1000\" \/>\n<meta name=\"twitter:card\" content=\"summary_large_image\" \/>\n<meta name=\"twitter:label1\" content=\"Timp estimat pentru citire\">\n\t<meta name=\"twitter:data1\" content=\"1 minut\">\n<script type=\"application\/ld+json\" class=\"yoast-schema-graph\">{\"@context\":\"https:\/\/schema.org\",\"@graph\":[{\"@type\":\"Organization\",\"@id\":\"https:\/\/www.ircon.ro\/home\/#organization\",\"name\":\"Ircon SRL\",\"url\":\"https:\/\/www.ircon.ro\/home\/\",\"sameAs\":[\"https:\/\/www.facebook.com\/IRCON-562019920546430\/\"],\"logo\":{\"@type\":\"ImageObject\",\"@id\":\"https:\/\/www.ircon.ro\/home\/#logo\",\"inLanguage\":\"ro-RO\",\"url\":\"https:\/\/www.ircon.ro\/wp-content\/uploads\/2021\/01\/cropped-cropped-Logo_Ircon-1.png\",\"width\":400,\"height\":140,\"caption\":\"Ircon SRL\"},\"image\":{\"@id\":\"https:\/\/www.ircon.ro\/home\/#logo\"}},{\"@type\":\"WebSite\",\"@id\":\"https:\/\/www.ircon.ro\/home\/#website\",\"url\":\"https:\/\/www.ircon.ro\/home\/\",\"name\":\"Ircon\",\"description\":\"Prin \\u0219tiin\\u021b\\u0103 prevenim \\u0219i \\u00eenvingem!\",\"publisher\":{\"@id\":\"https:\/\/www.ircon.ro\/home\/#organization\"},\"potentialAction\":[{\"@type\":\"SearchAction\",\"target\":\"https:\/\/www.ircon.ro\/home\/?s={search_term_string}\",\"query-input\":\"required name=search_term_string\"}],\"inLanguage\":\"ro-RO\"},{\"@type\":\"ImageObject\",\"@id\":\"https:\/\/www.ircon.ro\/home\/produs\/vitamina-c-500mg-30-comprimate-masticabile\/#primaryimage\",\"inLanguage\":\"ro-RO\",\"url\":\"https:\/\/www.ircon.ro\/wp-content\/uploads\/2021\/01\/vitamina_\\u0421_lamaie_500.png\",\"width\":1000,\"height\":1000,\"caption\":\"Vitamina C 500mg - 30 comprimate masticabile\"},{\"@type\":\"WebPage\",\"@id\":\"https:\/\/www.ircon.ro\/home\/produs\/vitamina-c-500mg-30-comprimate-masticabile\/#webpage\",\"url\":\"https:\/\/www.ircon.ro\/home\/produs\/vitamina-c-500mg-30-comprimate-masticabile\/\",\"name\":\"Supliment alimentar cu indulcitori| Vitamina C 500mg\",\"isPartOf\":{\"@id\":\"https:\/\/www.ircon.ro\/home\/#website\"},\"primaryImageOfPage\":{\"@id\":\"https:\/\/www.ircon.ro\/home\/produs\/vitamina-c-500mg-30-comprimate-masticabile\/#primaryimage\"},\"datePublished\":\"2021-01-11T05:44:43+00:00\",\"dateModified\":\"2022-09-08T11:48:30+00:00\",\"description\":\"Vitamina C 500 mg cre\\u015fte absorb\\u0163ia fierului \\u015fi contribuie la men\\u0163inerea s\\u0103n\\u0103t\\u0103\\u0163ii psihice \\u015fi a func\\u0163ion\\u0103rii normale a sistemului imunitar\",\"breadcrumb\":{\"@id\":\"https:\/\/www.ircon.ro\/home\/produs\/vitamina-c-500mg-30-comprimate-masticabile\/#breadcrumb\"},\"inLanguage\":\"ro-RO\",\"potentialAction\":[{\"@type\":\"ReadAction\",\"target\":[\"https:\/\/www.ircon.ro\/home\/produs\/vitamina-c-500mg-30-comprimate-masticabile\/\"]}]},{\"@type\":\"BreadcrumbList\",\"@id\":\"https:\/\/www.ircon.ro\/home\/produs\/vitamina-c-500mg-30-comprimate-masticabile\/#breadcrumb\",\"itemListElement\":[{\"@type\":\"ListItem\",\"position\":1,\"item\":{\"@type\":\"WebPage\",\"@id\":\"https:\/\/www.ircon.ro\/home\/\",\"url\":\"https:\/\/www.ircon.ro\/home\/\",\"name\":\"Prima pagin\\u0103\"}},{\"@type\":\"ListItem\",\"position\":2,\"item\":{\"@type\":\"WebPage\",\"@id\":\"https:\/\/www.ircon.ro\/home\/produse-realizate-de-firma-ircon-srl\/\",\"url\":\"https:\/\/www.ircon.ro\/home\/produse-realizate-de-firma-ircon-srl\/\",\"name\":\"Produse\"}},{\"@type\":\"ListItem\",\"position\":3,\"item\":{\"@type\":\"WebPage\",\"@id\":\"https:\/\/www.ircon.ro\/home\/produs\/vitamina-c-500mg-30-comprimate-masticabile\/\",\"url\":\"https:\/\/www.ircon.ro\/home\/produs\/vitamina-c-500mg-30-comprimate-masticabile\/\",\"name\":\"Vitamina C 500mg\"}}]}]}<\/script>\n<!-- \/ Yoast SEO plugin. -->","_links":{"self":[{"href":"https:\/\/www.ircon.ro\/home\/wp-json\/wp\/v2\/product\/1277"}],"collection":[{"href":"https:\/\/www.ircon.ro\/home\/wp-json\/wp\/v2\/product"}],"about":[{"href":"https:\/\/www.ircon.ro\/home\/wp-json\/wp\/v2\/types\/product"}],"replies":[{"embeddable":true,"href":"https:\/\/www.ircon.ro\/home\/wp-json\/wp\/v2\/comments?post=1277"}],"version-history":[{"count":6,"href":"https:\/\/www.ircon.ro\/home\/wp-json\/wp\/v2\/product\/1277\/revisions"}],"predecessor-version":[{"id":3041,"href":"https:\/\/www.ircon.ro\/home\/wp-json\/wp\/v2\/product\/1277\/revisions\/3041"}],"wp:featuredmedia":[{"embeddable":true,"href":"https:\/\/www.ircon.ro\/home\/wp-json\/wp\/v2\/media\/1539"}],"wp:attachment":[{"href":"https:\/\/www.ircon.ro\/home\/wp-json\/wp\/v2\/media?parent=1277"}],"wp:term":[{"taxonomy":"product_cat","embeddable":true,"href":"https:\/\/www.ircon.ro\/home\/wp-json\/wp\/v2\/product_cat?post=1277"},{"taxonomy":"product_tag","embeddable":true,"href":"https:\/\/www.ircon.ro\/home\/wp-json\/wp\/v2\/product_tag?post=1277"}],"curies":[{"name":"wp","href":"https:\/\/api.w.org\/{rel}","templated":true}]}}