{"id":1559,"date":"2021-01-12T13:31:53","date_gmt":"2021-01-12T11:31:53","guid":{"rendered":"https:\/\/ircon.ro\/?post_type=product&#038;p=1559"},"modified":"2024-05-24T13:06:06","modified_gmt":"2024-05-24T10:06:06","slug":"mameldin","status":"publish","type":"product","link":"https:\/\/www.ircon.ro\/home\/produs\/mameldin\/","title":{"rendered":"Mameldin &#8211; 50 g"},"content":{"rendered":"<p><strong>Ingrediente:\u00a0\u00a0<\/strong><\/p>\n<p>Aqua, cetyl alcohol, petrolatum, lanolin, Herecleum sphondylium oil, ceteareth-20, cetearyl alcohol, Olive oil, glycerin, euxyl, PE 9010, ethoxydiglycol, Vitex agnus castus Extract, Parfum, BHA.<\/p>\n<p><strong>Mod de utilizare:<\/strong><\/p>\n<p>2-3 g crem\u0103 (aproximativ 4-5 cm lungime din con\u021binutul exprimat \u00een tub), se aplic\u0103 pe suprafa\u021ba s\u00e2nului \u0219i se maseaz\u0103 u\u0219or p\u00e2n\u0103 la p\u0103trunderea complet\u0103 a acesteia \u00een piele. Se recomand\u0103 3-4 aplica\u021bii zilnice, inclusiv \u00een perioada ciclului menstrual. Durata aplic\u0103rii poate fi de 2-3 luni sau mai mult, \u00een func\u021bie de remiterea simptomatologiei.<\/p>\n<p><strong>Contraindica\u021bii:\u00a0\u00a0<\/strong><\/p>\n<p>Este contraindicat\u0103 utilizarea cremei Mameldin \u00een timpul sarcinii \u0219i \u00een timpul al\u0103pt\u0103rii.<\/p>\n","protected":false},"excerpt":{"rendered":"<p><strong>Mameldin <\/strong>este o crem\u0103 bazat\u0103 pe extracte din plante (Vitex agnus castus, Br\u00e2nca ursului), ce amelioreaz\u0103 durerea \u0219i senza\u021bia de tensiune de la nivelul s\u00e2nilor. Vitex Agnus Castus (Miel\u0103rea) are capacitatea de a regla secre\u0163ia ovarian\u0103 \u015fi de a combate efectele sindromului premenstrual. Br\u00e2nca ursului (Heracleum sphondylium) normalizeaz\u0103 activitatea secretorie a glandelor sexuale, \u00eembun\u0103t\u0103\u021be\u0219te tonusul organismului.<\/p>\n","protected":false},"featured_media":1566,"comment_status":"open","ping_status":"closed","template":"","meta":[],"product_cat":[18],"product_tag":[85,62,19],"yoast_head":"<!-- This site is optimized with the Yoast SEO plugin v15.8 - https:\/\/yoast.com\/wordpress\/plugins\/seo\/ -->\n<title>Mameldin crem\u0103 elimin\u0103 durerea de la nivelul s\u00e2nilor |<\/title>\n<meta name=\"description\" content=\"Mameldin crem\u0103 reprezint\u0103 o terapie modern\u0103, bazat\u0103 pe produse vegetale, ce elimin\u0103 durerea \u0219i senza\u021bia de tensiune de la nivelul s\u00e2nilor.\" \/>\n<meta name=\"robots\" content=\"index, follow, max-snippet:-1, max-image-preview:large, max-video-preview:-1\" \/>\n<link rel=\"canonical\" href=\"https:\/\/www.ircon.ro\/home\/produs\/mameldin\/\" \/>\n<meta property=\"og:locale\" content=\"ro_RO\" \/>\n<meta property=\"og:type\" content=\"article\" \/>\n<meta property=\"og:title\" content=\"Mameldin crem\u0103 elimin\u0103 durerea de la nivelul s\u00e2nilor |\" \/>\n<meta property=\"og:description\" content=\"Mameldin crem\u0103 reprezint\u0103 o terapie modern\u0103, bazat\u0103 pe produse vegetale, ce elimin\u0103 durerea \u0219i senza\u021bia de tensiune de la nivelul s\u00e2nilor.\" \/>\n<meta property=\"og:url\" content=\"https:\/\/www.ircon.ro\/home\/produs\/mameldin\/\" \/>\n<meta property=\"article:publisher\" content=\"https:\/\/www.facebook.com\/IRCON-562019920546430\/\" \/>\n<meta property=\"article:modified_time\" content=\"2024-05-24T10:06:06+00:00\" \/>\n<meta property=\"og:image\" content=\"https:\/\/www.ircon.ro\/wp-content\/uploads\/2021\/01\/mameldin1.png\" \/>\n\t<meta property=\"og:image:width\" content=\"1000\" \/>\n\t<meta property=\"og:image:height\" content=\"1000\" \/>\n<meta name=\"twitter:card\" content=\"summary_large_image\" \/>\n<meta name=\"twitter:label1\" content=\"Timp estimat pentru citire\">\n\t<meta name=\"twitter:data1\" content=\"1 minut\">\n<script type=\"application\/ld+json\" class=\"yoast-schema-graph\">{\"@context\":\"https:\/\/schema.org\",\"@graph\":[{\"@type\":\"Organization\",\"@id\":\"https:\/\/www.ircon.ro\/home\/#organization\",\"name\":\"Ircon SRL\",\"url\":\"https:\/\/www.ircon.ro\/home\/\",\"sameAs\":[\"https:\/\/www.facebook.com\/IRCON-562019920546430\/\"],\"logo\":{\"@type\":\"ImageObject\",\"@id\":\"https:\/\/www.ircon.ro\/home\/#logo\",\"inLanguage\":\"ro-RO\",\"url\":\"https:\/\/www.ircon.ro\/wp-content\/uploads\/2021\/01\/cropped-cropped-Logo_Ircon-1.png\",\"width\":400,\"height\":140,\"caption\":\"Ircon SRL\"},\"image\":{\"@id\":\"https:\/\/www.ircon.ro\/home\/#logo\"}},{\"@type\":\"WebSite\",\"@id\":\"https:\/\/www.ircon.ro\/home\/#website\",\"url\":\"https:\/\/www.ircon.ro\/home\/\",\"name\":\"Ircon\",\"description\":\"Prin \\u0219tiin\\u021b\\u0103 prevenim \\u0219i \\u00eenvingem!\",\"publisher\":{\"@id\":\"https:\/\/www.ircon.ro\/home\/#organization\"},\"potentialAction\":[{\"@type\":\"SearchAction\",\"target\":\"https:\/\/www.ircon.ro\/home\/?s={search_term_string}\",\"query-input\":\"required name=search_term_string\"}],\"inLanguage\":\"ro-RO\"},{\"@type\":\"ImageObject\",\"@id\":\"https:\/\/www.ircon.ro\/home\/produs\/mameldin\/#primaryimage\",\"inLanguage\":\"ro-RO\",\"url\":\"https:\/\/www.ircon.ro\/wp-content\/uploads\/2021\/01\/mameldin1.png\",\"width\":1000,\"height\":1000,\"caption\":\"Trateaza afectiunile sanilor\"},{\"@type\":\"WebPage\",\"@id\":\"https:\/\/www.ircon.ro\/home\/produs\/mameldin\/#webpage\",\"url\":\"https:\/\/www.ircon.ro\/home\/produs\/mameldin\/\",\"name\":\"Mameldin crem\\u0103 elimin\\u0103 durerea de la nivelul s\\u00e2nilor |\",\"isPartOf\":{\"@id\":\"https:\/\/www.ircon.ro\/home\/#website\"},\"primaryImageOfPage\":{\"@id\":\"https:\/\/www.ircon.ro\/home\/produs\/mameldin\/#primaryimage\"},\"datePublished\":\"2021-01-12T11:31:53+00:00\",\"dateModified\":\"2024-05-24T10:06:06+00:00\",\"description\":\"Mameldin crem\\u0103 reprezint\\u0103 o terapie modern\\u0103, bazat\\u0103 pe produse vegetale, ce elimin\\u0103 durerea \\u0219i senza\\u021bia de tensiune de la nivelul s\\u00e2nilor.\",\"breadcrumb\":{\"@id\":\"https:\/\/www.ircon.ro\/home\/produs\/mameldin\/#breadcrumb\"},\"inLanguage\":\"ro-RO\",\"potentialAction\":[{\"@type\":\"ReadAction\",\"target\":[\"https:\/\/www.ircon.ro\/home\/produs\/mameldin\/\"]}]},{\"@type\":\"BreadcrumbList\",\"@id\":\"https:\/\/www.ircon.ro\/home\/produs\/mameldin\/#breadcrumb\",\"itemListElement\":[{\"@type\":\"ListItem\",\"position\":1,\"item\":{\"@type\":\"WebPage\",\"@id\":\"https:\/\/www.ircon.ro\/home\/\",\"url\":\"https:\/\/www.ircon.ro\/home\/\",\"name\":\"Prima pagin\\u0103\"}},{\"@type\":\"ListItem\",\"position\":2,\"item\":{\"@type\":\"WebPage\",\"@id\":\"https:\/\/www.ircon.ro\/home\/produse-realizate-de-firma-ircon-srl\/\",\"url\":\"https:\/\/www.ircon.ro\/home\/produse-realizate-de-firma-ircon-srl\/\",\"name\":\"Produse\"}},{\"@type\":\"ListItem\",\"position\":3,\"item\":{\"@type\":\"WebPage\",\"@id\":\"https:\/\/www.ircon.ro\/home\/produs\/mameldin\/\",\"url\":\"https:\/\/www.ircon.ro\/home\/produs\/mameldin\/\",\"name\":\"Mameldin &#8211; 50 g\"}}]}]}<\/script>\n<!-- \/ Yoast SEO plugin. -->","_links":{"self":[{"href":"https:\/\/www.ircon.ro\/home\/wp-json\/wp\/v2\/product\/1559"}],"collection":[{"href":"https:\/\/www.ircon.ro\/home\/wp-json\/wp\/v2\/product"}],"about":[{"href":"https:\/\/www.ircon.ro\/home\/wp-json\/wp\/v2\/types\/product"}],"replies":[{"embeddable":true,"href":"https:\/\/www.ircon.ro\/home\/wp-json\/wp\/v2\/comments?post=1559"}],"version-history":[{"count":9,"href":"https:\/\/www.ircon.ro\/home\/wp-json\/wp\/v2\/product\/1559\/revisions"}],"predecessor-version":[{"id":2546,"href":"https:\/\/www.ircon.ro\/home\/wp-json\/wp\/v2\/product\/1559\/revisions\/2546"}],"wp:featuredmedia":[{"embeddable":true,"href":"https:\/\/www.ircon.ro\/home\/wp-json\/wp\/v2\/media\/1566"}],"wp:attachment":[{"href":"https:\/\/www.ircon.ro\/home\/wp-json\/wp\/v2\/media?parent=1559"}],"wp:term":[{"taxonomy":"product_cat","embeddable":true,"href":"https:\/\/www.ircon.ro\/home\/wp-json\/wp\/v2\/product_cat?post=1559"},{"taxonomy":"product_tag","embeddable":true,"href":"https:\/\/www.ircon.ro\/home\/wp-json\/wp\/v2\/product_tag?post=1559"}],"curies":[{"name":"wp","href":"https:\/\/api.w.org\/{rel}","templated":true}]}}