{"id":179,"date":"2021-01-07T12:56:17","date_gmt":"2021-01-07T10:56:17","guid":{"rendered":"https:\/\/ircon.ro\/?post_type=product&#038;p=179"},"modified":"2024-03-11T11:18:13","modified_gmt":"2024-03-11T09:18:13","slug":"proctoxil-crema-antihemoroidala-realizata-din-plante-medicinale","status":"publish","type":"product","link":"https:\/\/www.ircon.ro\/home\/produs\/proctoxil-crema-antihemoroidala-realizata-din-plante-medicinale\/","title":{"rendered":"Proctoxil &#8211; 40 g"},"content":{"rendered":"<p><strong>Ingrediente<\/strong>:<\/p>\n<p>aqua,cetearyl alcohol,cetyl alcohol,cetearyl alcohol(and)sodium cetearyl sulfate,cetearyl alcohol(and) ceteareth-30,lanolin,petrolatum,cera alba,allantoin,calendula officinalis extract,chamomilla recutita extract,hypericum perforatum extract,propolis tincture,salvia officinalis tincture,symphytum officinale tincture,PVP,helleborus purpurascens extract,rosmarinus officinalis oil,olive oil,hippophae rhamnoides oil,tocopheryl acetate,panthenol,troxerutin,euxyl PE 9010.<\/p>\n<p><strong>Mod de utilizare<\/strong>:<\/p>\n<p>Dup\u0103 o toalet\u0103 local\u0103 riguroas\u0103, se aplic\u0103 o cantitate de crem\u0103 pe deget cu care se maseaz\u0103 zona hemoroidal\u0103, incercand s\u0103 se introduc\u0103 pe cat posibil \u0219i \u00eenauntrul orificiului anal.<br \/>\nSe\u00a0 va aplica apoi un torson de vat\u0103 la nivelul orificiului anal pentru protec\u021bia lenjeriei.<br \/>\nProcedeul se aplic\u0103 de 2-3 ori pe zi in func\u021bie de simptomatologia local\u0103, dar aplicarea inainte de culcare este preferabil\u0103.<\/p>\n<p><strong>Contraindica\u021bii<\/strong>:<\/p>\n<p><strong>Proctoxil<\/strong> este bine tolerat, el neav\u00e2nd contraindica\u021biile produselor pe baz\u0103 de corticoizi sau alte substan\u021be chimice.<br \/>\nTotu\u0219i produsul este contraindicat la persoanele alergice la unul dintre componen\u021bii cremei sau care nu tolereaz\u0103 aplicarea acesteia.<br \/>\nDe asemenea produsul Proctoxil nu este indicat \u00een infec\u021bii specifice locale ale pielii (sifilis, varicela sau reac\u021bii la vaccinul antivaricel\u0103).<\/p>\n<p>Produsul nu este recomandat in timpul sarcinii \u0219i al\u0103pt\u0103rii.<\/p>\n","protected":false},"excerpt":{"rendered":"<p><strong>Proctoxil este o crem\u0103 antihemoroidal\u0103, realizat\u0103 din extracte de plante medicinale ale caror principii active reduc procesul inflamator din flebita hemoroidal\u0103 \u0219i reduc dilata\u021biile hemoroidale.<\/strong><\/p>\n","protected":false},"featured_media":2763,"comment_status":"open","ping_status":"closed","template":"","meta":[],"product_cat":[18],"product_tag":[98,62,22],"yoast_head":"<!-- This site is optimized with the Yoast SEO plugin v15.8 - https:\/\/yoast.com\/wordpress\/plugins\/seo\/ -->\n<title>Crem\u0103 antihemoroidal\u0103 realizat\u0103 din plante medicinale Proctoxil - 40 g |<\/title>\n<meta name=\"description\" content=\"Proctoxil este o crem\u0103 antihemoroidal\u0103, realizat\u0103 din extracte de plante medicinale care reduc procesul inflamator din flebita hemoroidal\u0103.\" \/>\n<meta name=\"robots\" content=\"index, follow, max-snippet:-1, max-image-preview:large, max-video-preview:-1\" \/>\n<link rel=\"canonical\" href=\"https:\/\/www.ircon.ro\/home\/produs\/proctoxil-crema-antihemoroidala-realizata-din-plante-medicinale\/\" \/>\n<meta property=\"og:locale\" content=\"ro_RO\" \/>\n<meta property=\"og:type\" content=\"article\" \/>\n<meta property=\"og:title\" content=\"Crem\u0103 antihemoroidal\u0103 realizat\u0103 din plante medicinale Proctoxil - 40 g |\" \/>\n<meta property=\"og:description\" content=\"Proctoxil este o crem\u0103 antihemoroidal\u0103, realizat\u0103 din extracte de plante medicinale care reduc procesul inflamator din flebita hemoroidal\u0103.\" \/>\n<meta property=\"og:url\" content=\"https:\/\/www.ircon.ro\/home\/produs\/proctoxil-crema-antihemoroidala-realizata-din-plante-medicinale\/\" \/>\n<meta property=\"article:publisher\" content=\"https:\/\/www.facebook.com\/IRCON-562019920546430\/\" \/>\n<meta property=\"article:modified_time\" content=\"2024-03-11T09:18:13+00:00\" \/>\n<meta property=\"og:image\" content=\"https:\/\/www.ircon.ro\/wp-content\/uploads\/2021\/01\/proctoxil-2.png\" \/>\n\t<meta property=\"og:image:width\" content=\"600\" \/>\n\t<meta property=\"og:image:height\" content=\"783\" \/>\n<meta name=\"twitter:card\" content=\"summary_large_image\" \/>\n<meta name=\"twitter:label1\" content=\"Timp estimat pentru citire\">\n\t<meta name=\"twitter:data1\" content=\"1 minut\">\n<script type=\"application\/ld+json\" class=\"yoast-schema-graph\">{\"@context\":\"https:\/\/schema.org\",\"@graph\":[{\"@type\":\"Organization\",\"@id\":\"https:\/\/www.ircon.ro\/home\/#organization\",\"name\":\"Ircon SRL\",\"url\":\"https:\/\/www.ircon.ro\/home\/\",\"sameAs\":[\"https:\/\/www.facebook.com\/IRCON-562019920546430\/\"],\"logo\":{\"@type\":\"ImageObject\",\"@id\":\"https:\/\/www.ircon.ro\/home\/#logo\",\"inLanguage\":\"ro-RO\",\"url\":\"https:\/\/www.ircon.ro\/wp-content\/uploads\/2021\/01\/cropped-cropped-Logo_Ircon-1.png\",\"width\":400,\"height\":140,\"caption\":\"Ircon SRL\"},\"image\":{\"@id\":\"https:\/\/www.ircon.ro\/home\/#logo\"}},{\"@type\":\"WebSite\",\"@id\":\"https:\/\/www.ircon.ro\/home\/#website\",\"url\":\"https:\/\/www.ircon.ro\/home\/\",\"name\":\"Ircon\",\"description\":\"Prin \\u0219tiin\\u021b\\u0103 prevenim \\u0219i \\u00eenvingem!\",\"publisher\":{\"@id\":\"https:\/\/www.ircon.ro\/home\/#organization\"},\"potentialAction\":[{\"@type\":\"SearchAction\",\"target\":\"https:\/\/www.ircon.ro\/home\/?s={search_term_string}\",\"query-input\":\"required name=search_term_string\"}],\"inLanguage\":\"ro-RO\"},{\"@type\":\"ImageObject\",\"@id\":\"https:\/\/www.ircon.ro\/home\/produs\/proctoxil-crema-antihemoroidala-realizata-din-plante-medicinale\/#primaryimage\",\"inLanguage\":\"ro-RO\",\"url\":\"https:\/\/www.ircon.ro\/wp-content\/uploads\/2021\/01\/proctoxil-2.png\",\"width\":600,\"height\":783},{\"@type\":\"WebPage\",\"@id\":\"https:\/\/www.ircon.ro\/home\/produs\/proctoxil-crema-antihemoroidala-realizata-din-plante-medicinale\/#webpage\",\"url\":\"https:\/\/www.ircon.ro\/home\/produs\/proctoxil-crema-antihemoroidala-realizata-din-plante-medicinale\/\",\"name\":\"Crem\\u0103 antihemoroidal\\u0103 realizat\\u0103 din plante medicinale Proctoxil - 40 g |\",\"isPartOf\":{\"@id\":\"https:\/\/www.ircon.ro\/home\/#website\"},\"primaryImageOfPage\":{\"@id\":\"https:\/\/www.ircon.ro\/home\/produs\/proctoxil-crema-antihemoroidala-realizata-din-plante-medicinale\/#primaryimage\"},\"datePublished\":\"2021-01-07T10:56:17+00:00\",\"dateModified\":\"2024-03-11T09:18:13+00:00\",\"description\":\"Proctoxil este o crem\\u0103 antihemoroidal\\u0103, realizat\\u0103 din extracte de plante medicinale care reduc procesul inflamator din flebita hemoroidal\\u0103.\",\"breadcrumb\":{\"@id\":\"https:\/\/www.ircon.ro\/home\/produs\/proctoxil-crema-antihemoroidala-realizata-din-plante-medicinale\/#breadcrumb\"},\"inLanguage\":\"ro-RO\",\"potentialAction\":[{\"@type\":\"ReadAction\",\"target\":[\"https:\/\/www.ircon.ro\/home\/produs\/proctoxil-crema-antihemoroidala-realizata-din-plante-medicinale\/\"]}]},{\"@type\":\"BreadcrumbList\",\"@id\":\"https:\/\/www.ircon.ro\/home\/produs\/proctoxil-crema-antihemoroidala-realizata-din-plante-medicinale\/#breadcrumb\",\"itemListElement\":[{\"@type\":\"ListItem\",\"position\":1,\"item\":{\"@type\":\"WebPage\",\"@id\":\"https:\/\/www.ircon.ro\/home\/\",\"url\":\"https:\/\/www.ircon.ro\/home\/\",\"name\":\"Prima pagin\\u0103\"}},{\"@type\":\"ListItem\",\"position\":2,\"item\":{\"@type\":\"WebPage\",\"@id\":\"https:\/\/www.ircon.ro\/home\/produse-realizate-de-firma-ircon-srl\/\",\"url\":\"https:\/\/www.ircon.ro\/home\/produse-realizate-de-firma-ircon-srl\/\",\"name\":\"Produse\"}},{\"@type\":\"ListItem\",\"position\":3,\"item\":{\"@type\":\"WebPage\",\"@id\":\"https:\/\/www.ircon.ro\/home\/produs\/proctoxil-crema-antihemoroidala-realizata-din-plante-medicinale\/\",\"url\":\"https:\/\/www.ircon.ro\/home\/produs\/proctoxil-crema-antihemoroidala-realizata-din-plante-medicinale\/\",\"name\":\"Proctoxil &#8211; 40 g\"}}]}]}<\/script>\n<!-- \/ Yoast SEO plugin. -->","_links":{"self":[{"href":"https:\/\/www.ircon.ro\/home\/wp-json\/wp\/v2\/product\/179"}],"collection":[{"href":"https:\/\/www.ircon.ro\/home\/wp-json\/wp\/v2\/product"}],"about":[{"href":"https:\/\/www.ircon.ro\/home\/wp-json\/wp\/v2\/types\/product"}],"replies":[{"embeddable":true,"href":"https:\/\/www.ircon.ro\/home\/wp-json\/wp\/v2\/comments?post=179"}],"version-history":[{"count":5,"href":"https:\/\/www.ircon.ro\/home\/wp-json\/wp\/v2\/product\/179\/revisions"}],"predecessor-version":[{"id":2787,"href":"https:\/\/www.ircon.ro\/home\/wp-json\/wp\/v2\/product\/179\/revisions\/2787"}],"wp:featuredmedia":[{"embeddable":true,"href":"https:\/\/www.ircon.ro\/home\/wp-json\/wp\/v2\/media\/2763"}],"wp:attachment":[{"href":"https:\/\/www.ircon.ro\/home\/wp-json\/wp\/v2\/media?parent=179"}],"wp:term":[{"taxonomy":"product_cat","embeddable":true,"href":"https:\/\/www.ircon.ro\/home\/wp-json\/wp\/v2\/product_cat?post=179"},{"taxonomy":"product_tag","embeddable":true,"href":"https:\/\/www.ircon.ro\/home\/wp-json\/wp\/v2\/product_tag?post=179"}],"curies":[{"name":"wp","href":"https:\/\/api.w.org\/{rel}","templated":true}]}}