{"id":2717,"date":"2021-02-11T12:46:15","date_gmt":"2021-02-11T10:46:15","guid":{"rendered":"https:\/\/www.ircon.ro\/home\/?post_type=product&#038;p=2717"},"modified":"2024-04-05T15:01:09","modified_gmt":"2024-04-05T12:01:09","slug":"vitamina-c-cu-propolis","status":"publish","type":"product","link":"https:\/\/www.ircon.ro\/home\/produs\/vitamina-c-cu-propolis\/","title":{"rendered":"Vitamina C + Propolis"},"content":{"rendered":"<h3>Vitamina C cu propolis &#8211; blister 20 comprimate<\/h3>\n<p><strong>Ingrediente:<\/strong><\/p>\n<p>Sorbitol , acid ascorbic, stearat de magneziu, talc, tinctur\u0103 de propolis, celuloz\u0103 microcristalin\u0103, arom\u0103 de l\u0103m\u00e2ie, aspartam \u0219i zaharin\u0103 (\u00eendulcitor), riboflavin\u0103.<\/p>\n<p><strong>Mod de utilizare:<\/strong><\/p>\n<p>Adul\u021bi: 3 comprimate pe zi<\/p>\n<p>Copii: 1-2 comprimate pe zi<\/p>\n<p><strong>Contraindica\u021bii:<\/strong><\/p>\n<p>Contraindicat persoanelor alergice la unul din componentele produsului.<\/p>\n<p>Contraindicat persoanelor alergice la produse apicole.<\/p>\n<p>Vitamia C \u00een exces poate avea efect laxativ.<\/p>\n","protected":false},"excerpt":{"rendered":"<p><strong>Vitamina C cu propolis contribuie la mentinerea sanatatii psihice si a functionarii normale a sistemului imunitar.<\/strong><\/p>\n<p>&nbsp;<\/p>\n","protected":false},"featured_media":2718,"comment_status":"open","ping_status":"closed","template":"","meta":[],"product_cat":[21],"product_tag":[62,107,108,106],"yoast_head":"<!-- This site is optimized with the Yoast SEO plugin v15.8 - https:\/\/yoast.com\/wordpress\/plugins\/seo\/ -->\n<title>Vitamina C cu propolis 20 comprimate Vitamina C + Propolis |<\/title>\n<meta name=\"description\" content=\"Vitamina C cu propolis contribuie la mentinerea sanatatii psihice si a functionarii normale a sistemului imunitar.\" \/>\n<meta name=\"robots\" content=\"index, follow, max-snippet:-1, max-image-preview:large, max-video-preview:-1\" \/>\n<link rel=\"canonical\" href=\"https:\/\/www.ircon.ro\/home\/produs\/vitamina-c-cu-propolis\/\" \/>\n<meta property=\"og:locale\" content=\"ro_RO\" \/>\n<meta property=\"og:type\" content=\"article\" \/>\n<meta property=\"og:title\" content=\"Vitamina C cu propolis 20 comprimate Vitamina C + Propolis |\" \/>\n<meta property=\"og:description\" content=\"Vitamina C cu propolis contribuie la mentinerea sanatatii psihice si a functionarii normale a sistemului imunitar.\" \/>\n<meta property=\"og:url\" content=\"https:\/\/www.ircon.ro\/home\/produs\/vitamina-c-cu-propolis\/\" \/>\n<meta property=\"article:publisher\" content=\"https:\/\/www.facebook.com\/IRCON-562019920546430\/\" \/>\n<meta property=\"article:modified_time\" content=\"2024-04-05T12:01:09+00:00\" \/>\n<meta property=\"og:image\" content=\"https:\/\/www.ircon.ro\/wp-content\/uploads\/2021\/02\/vitamina_c_propolis_blister.png\" \/>\n\t<meta property=\"og:image:width\" content=\"1000\" \/>\n\t<meta property=\"og:image:height\" content=\"1000\" \/>\n<meta name=\"twitter:card\" content=\"summary_large_image\" \/>\n<meta name=\"twitter:label1\" content=\"Timp estimat pentru citire\">\n\t<meta name=\"twitter:data1\" content=\"1 minut\">\n<script type=\"application\/ld+json\" class=\"yoast-schema-graph\">{\"@context\":\"https:\/\/schema.org\",\"@graph\":[{\"@type\":\"Organization\",\"@id\":\"https:\/\/www.ircon.ro\/home\/#organization\",\"name\":\"Ircon SRL\",\"url\":\"https:\/\/www.ircon.ro\/home\/\",\"sameAs\":[\"https:\/\/www.facebook.com\/IRCON-562019920546430\/\"],\"logo\":{\"@type\":\"ImageObject\",\"@id\":\"https:\/\/www.ircon.ro\/home\/#logo\",\"inLanguage\":\"ro-RO\",\"url\":\"https:\/\/www.ircon.ro\/wp-content\/uploads\/2021\/01\/cropped-cropped-Logo_Ircon-1.png\",\"width\":400,\"height\":140,\"caption\":\"Ircon SRL\"},\"image\":{\"@id\":\"https:\/\/www.ircon.ro\/home\/#logo\"}},{\"@type\":\"WebSite\",\"@id\":\"https:\/\/www.ircon.ro\/home\/#website\",\"url\":\"https:\/\/www.ircon.ro\/home\/\",\"name\":\"Ircon\",\"description\":\"Prin \\u0219tiin\\u021b\\u0103 prevenim \\u0219i \\u00eenvingem!\",\"publisher\":{\"@id\":\"https:\/\/www.ircon.ro\/home\/#organization\"},\"potentialAction\":[{\"@type\":\"SearchAction\",\"target\":\"https:\/\/www.ircon.ro\/home\/?s={search_term_string}\",\"query-input\":\"required name=search_term_string\"}],\"inLanguage\":\"ro-RO\"},{\"@type\":\"ImageObject\",\"@id\":\"https:\/\/www.ircon.ro\/home\/produs\/vitamina-c-cu-propolis\/#primaryimage\",\"inLanguage\":\"ro-RO\",\"url\":\"https:\/\/www.ircon.ro\/wp-content\/uploads\/2021\/02\/vitamina_c_propolis_blister.png\",\"width\":1000,\"height\":1000,\"caption\":\"Vitamina C cu propolis\"},{\"@type\":\"WebPage\",\"@id\":\"https:\/\/www.ircon.ro\/home\/produs\/vitamina-c-cu-propolis\/#webpage\",\"url\":\"https:\/\/www.ircon.ro\/home\/produs\/vitamina-c-cu-propolis\/\",\"name\":\"Vitamina C cu propolis 20 comprimate Vitamina C + Propolis |\",\"isPartOf\":{\"@id\":\"https:\/\/www.ircon.ro\/home\/#website\"},\"primaryImageOfPage\":{\"@id\":\"https:\/\/www.ircon.ro\/home\/produs\/vitamina-c-cu-propolis\/#primaryimage\"},\"datePublished\":\"2021-02-11T10:46:15+00:00\",\"dateModified\":\"2024-04-05T12:01:09+00:00\",\"description\":\"Vitamina C cu propolis contribuie la mentinerea sanatatii psihice si a functionarii normale a sistemului imunitar.\",\"breadcrumb\":{\"@id\":\"https:\/\/www.ircon.ro\/home\/produs\/vitamina-c-cu-propolis\/#breadcrumb\"},\"inLanguage\":\"ro-RO\",\"potentialAction\":[{\"@type\":\"ReadAction\",\"target\":[\"https:\/\/www.ircon.ro\/home\/produs\/vitamina-c-cu-propolis\/\"]}]},{\"@type\":\"BreadcrumbList\",\"@id\":\"https:\/\/www.ircon.ro\/home\/produs\/vitamina-c-cu-propolis\/#breadcrumb\",\"itemListElement\":[{\"@type\":\"ListItem\",\"position\":1,\"item\":{\"@type\":\"WebPage\",\"@id\":\"https:\/\/www.ircon.ro\/home\/\",\"url\":\"https:\/\/www.ircon.ro\/home\/\",\"name\":\"Prima pagin\\u0103\"}},{\"@type\":\"ListItem\",\"position\":2,\"item\":{\"@type\":\"WebPage\",\"@id\":\"https:\/\/www.ircon.ro\/home\/produse-realizate-de-firma-ircon-srl\/\",\"url\":\"https:\/\/www.ircon.ro\/home\/produse-realizate-de-firma-ircon-srl\/\",\"name\":\"Produse\"}},{\"@type\":\"ListItem\",\"position\":3,\"item\":{\"@type\":\"WebPage\",\"@id\":\"https:\/\/www.ircon.ro\/home\/produs\/vitamina-c-cu-propolis\/\",\"url\":\"https:\/\/www.ircon.ro\/home\/produs\/vitamina-c-cu-propolis\/\",\"name\":\"Vitamina C + Propolis\"}}]}]}<\/script>\n<!-- \/ Yoast SEO plugin. -->","_links":{"self":[{"href":"https:\/\/www.ircon.ro\/home\/wp-json\/wp\/v2\/product\/2717"}],"collection":[{"href":"https:\/\/www.ircon.ro\/home\/wp-json\/wp\/v2\/product"}],"about":[{"href":"https:\/\/www.ircon.ro\/home\/wp-json\/wp\/v2\/types\/product"}],"replies":[{"embeddable":true,"href":"https:\/\/www.ircon.ro\/home\/wp-json\/wp\/v2\/comments?post=2717"}],"version-history":[{"count":3,"href":"https:\/\/www.ircon.ro\/home\/wp-json\/wp\/v2\/product\/2717\/revisions"}],"predecessor-version":[{"id":3033,"href":"https:\/\/www.ircon.ro\/home\/wp-json\/wp\/v2\/product\/2717\/revisions\/3033"}],"wp:featuredmedia":[{"embeddable":true,"href":"https:\/\/www.ircon.ro\/home\/wp-json\/wp\/v2\/media\/2718"}],"wp:attachment":[{"href":"https:\/\/www.ircon.ro\/home\/wp-json\/wp\/v2\/media?parent=2717"}],"wp:term":[{"taxonomy":"product_cat","embeddable":true,"href":"https:\/\/www.ircon.ro\/home\/wp-json\/wp\/v2\/product_cat?post=2717"},{"taxonomy":"product_tag","embeddable":true,"href":"https:\/\/www.ircon.ro\/home\/wp-json\/wp\/v2\/product_tag?post=2717"}],"curies":[{"name":"wp","href":"https:\/\/api.w.org\/{rel}","templated":true}]}}