{"id":2819,"date":"2021-07-07T12:18:15","date_gmt":"2021-07-07T09:18:15","guid":{"rendered":"https:\/\/www.ircon.ro\/home\/?post_type=product&#038;p=2819"},"modified":"2024-01-12T12:12:07","modified_gmt":"2024-01-12T10:12:07","slug":"reglucon","status":"publish","type":"product","link":"https:\/\/www.ircon.ro\/home\/produs\/reglucon\/","title":{"rendered":"Reglucon 42g"},"content":{"rendered":"<p><strong>Ingrediente\/cpr.:<\/strong><\/p>\n<p>agen\u0163i de \u00eenc\u0103rcare: lactoz\u0103 monohidrat, celuloz\u0103 microcristalin\u0103; extract hidroetanolic 10:1 (10% maltodextrin\u0103) din r\u0103d\u0103cin\u0103 de p\u0103p\u0103die (Taraxacum officinale); extract hidroetanolic 4:1 (5% maltodextrin\u0103) din fructe de castravete-amar (Momordica charantia); stabilizatori: polivinilpirolidon\u0103, polivinilpolipirolidon\u0103; agen\u0163i antiaglomeran\u0163i: talc, s\u0103ruri de magneziu ale acizilor gra\u015fi vegetali; extract apos 4:1 (10% maltodextrin\u0103) din r\u0103d\u0103cin\u0103 de ghin\u0163ur\u0103 (Gen\u0163iana sino-ornata); amidon pregelatinizat; extract hidroetanolic din frunze de ginkgo biloba, cu 24% ginkgoflavone \u015fi 6% terpene lactonice; extract hidroetanolic 15:1 (10% maltodextrina) din scoar\u0163\u0103 de scorti\u015foar\u0103 (Cinnamomum verum); picolinat de crom, furniz\u00e2nd 12 mcg Cr\/30%VNR*.<\/p>\n<p><strong>Mod de utilizare:<\/strong><br \/>\nAdul\u0163i: 3-6 comprimate\/zi<br \/>\nCopii (peste 7 ani): 1-2 comprimate\/zi<\/p>\n<p>Doza se adapteaz\u0103 \u00een func\u0163ie de nivelul glicemiei sau la recomandarea specialistului.<\/p>\n<p><strong>Contraindica\u021bii:<\/strong><\/p>\n<p>Contraindicat \u00een sarcin\u0103, \u00een perioada de al\u0103ptare, la persoanele cu glicemia redus\u0103, copii p\u00e2n\u0103 la v\u00e2rsta de 7 ani.<br \/>\nContraindicat persoanelor cu intoleran\u021b\u0103 la lactoz\u0103 sau alergice la oricare dintre ingredientele produsului.<\/p>\n<p>\u00cen perioada administr\u0103rii se recomand\u0103 controlul periodic al glicemiei, \u00eentruc\u00e2t produsul poten\u0163eaz\u0103 ac\u0163iunea medicamentelor hipoglicemiante.<\/p>\n","protected":false},"excerpt":{"rendered":"<p>Ajut\u0103 la un control mai bun a concentra\u021biei de glucoz\u0103 din s\u00e2nge, al\u0103turi de medica\u021bia respectiv\u0103 antidiabetic\u0103.<br \/>\nExtractele din p\u0103p\u0103die, castravete amar, ghin\u021bur\u0103, ginko biloba, scor\u021bisoar\u0103, au rol de echilibrare a metabolismului glucidic \u0219i lipidic, stimuleaz\u0103 func\u021biile pancreasului pentru producerea insulinei, poten\u021beaz\u0103 medica\u021bia hipoglicemiant\u0103, stimuleaz\u0103 sistemul imunitar.<br \/>\nCromul contribuie la metabolismul normal al macronutrien\u021bilor, la men\u021binerea concentra\u021biilor normale ale glucozei din s\u00e2nge.<\/p>\n","protected":false},"featured_media":2824,"comment_status":"open","ping_status":"closed","template":"","meta":[],"product_cat":[21],"product_tag":[111,110,109],"yoast_head":"<!-- This site is optimized with the Yoast SEO plugin v15.8 - https:\/\/yoast.com\/wordpress\/plugins\/seo\/ -->\n<title>Reglucon 42g Men\u021bine concentra\u021bia de glucoz\u0103 din s\u00e2nge la nivelul optim |<\/title>\n<meta name=\"description\" content=\"Men\u021bine concentra\u021bia de glucoz\u0103 din s\u00e2nge la nivelul optim, cu Reglucon.\" \/>\n<meta name=\"robots\" content=\"index, follow, max-snippet:-1, max-image-preview:large, max-video-preview:-1\" \/>\n<link rel=\"canonical\" href=\"https:\/\/www.ircon.ro\/home\/produs\/reglucon\/\" \/>\n<meta property=\"og:locale\" content=\"ro_RO\" \/>\n<meta property=\"og:type\" content=\"article\" \/>\n<meta property=\"og:title\" content=\"Reglucon 42g Men\u021bine concentra\u021bia de glucoz\u0103 din s\u00e2nge la nivelul optim |\" \/>\n<meta property=\"og:description\" content=\"Men\u021bine concentra\u021bia de glucoz\u0103 din s\u00e2nge la nivelul optim, cu Reglucon.\" \/>\n<meta property=\"og:url\" content=\"https:\/\/www.ircon.ro\/home\/produs\/reglucon\/\" \/>\n<meta property=\"article:publisher\" content=\"https:\/\/www.facebook.com\/IRCON-562019920546430\/\" \/>\n<meta property=\"article:modified_time\" content=\"2024-01-12T10:12:07+00:00\" \/>\n<meta property=\"og:image\" content=\"https:\/\/www.ircon.ro\/wp-content\/uploads\/2021\/07\/reglucon2.png\" \/>\n\t<meta property=\"og:image:width\" content=\"1000\" \/>\n\t<meta property=\"og:image:height\" content=\"1000\" \/>\n<meta name=\"twitter:card\" content=\"summary_large_image\" \/>\n<meta name=\"twitter:label1\" content=\"Timp estimat pentru citire\">\n\t<meta name=\"twitter:data1\" content=\"1 minut\">\n<script type=\"application\/ld+json\" class=\"yoast-schema-graph\">{\"@context\":\"https:\/\/schema.org\",\"@graph\":[{\"@type\":\"Organization\",\"@id\":\"https:\/\/www.ircon.ro\/home\/#organization\",\"name\":\"Ircon SRL\",\"url\":\"https:\/\/www.ircon.ro\/home\/\",\"sameAs\":[\"https:\/\/www.facebook.com\/IRCON-562019920546430\/\"],\"logo\":{\"@type\":\"ImageObject\",\"@id\":\"https:\/\/www.ircon.ro\/home\/#logo\",\"inLanguage\":\"ro-RO\",\"url\":\"https:\/\/www.ircon.ro\/wp-content\/uploads\/2021\/01\/cropped-cropped-Logo_Ircon-1.png\",\"width\":400,\"height\":140,\"caption\":\"Ircon SRL\"},\"image\":{\"@id\":\"https:\/\/www.ircon.ro\/home\/#logo\"}},{\"@type\":\"WebSite\",\"@id\":\"https:\/\/www.ircon.ro\/home\/#website\",\"url\":\"https:\/\/www.ircon.ro\/home\/\",\"name\":\"Ircon\",\"description\":\"Prin \\u0219tiin\\u021b\\u0103 prevenim \\u0219i \\u00eenvingem!\",\"publisher\":{\"@id\":\"https:\/\/www.ircon.ro\/home\/#organization\"},\"potentialAction\":[{\"@type\":\"SearchAction\",\"target\":\"https:\/\/www.ircon.ro\/home\/?s={search_term_string}\",\"query-input\":\"required name=search_term_string\"}],\"inLanguage\":\"ro-RO\"},{\"@type\":\"ImageObject\",\"@id\":\"https:\/\/www.ircon.ro\/home\/produs\/reglucon\/#primaryimage\",\"inLanguage\":\"ro-RO\",\"url\":\"https:\/\/www.ircon.ro\/wp-content\/uploads\/2021\/07\/reglucon2.png\",\"width\":1000,\"height\":1000,\"caption\":\"Men\\u021bine concentra\\u021bia de glucoz\\u0103 din s\\u00e2nge la nivelul optim\"},{\"@type\":\"WebPage\",\"@id\":\"https:\/\/www.ircon.ro\/home\/produs\/reglucon\/#webpage\",\"url\":\"https:\/\/www.ircon.ro\/home\/produs\/reglucon\/\",\"name\":\"Reglucon 42g Men\\u021bine concentra\\u021bia de glucoz\\u0103 din s\\u00e2nge la nivelul optim |\",\"isPartOf\":{\"@id\":\"https:\/\/www.ircon.ro\/home\/#website\"},\"primaryImageOfPage\":{\"@id\":\"https:\/\/www.ircon.ro\/home\/produs\/reglucon\/#primaryimage\"},\"datePublished\":\"2021-07-07T09:18:15+00:00\",\"dateModified\":\"2024-01-12T10:12:07+00:00\",\"description\":\"Men\\u021bine concentra\\u021bia de glucoz\\u0103 din s\\u00e2nge la nivelul optim, cu Reglucon.\",\"breadcrumb\":{\"@id\":\"https:\/\/www.ircon.ro\/home\/produs\/reglucon\/#breadcrumb\"},\"inLanguage\":\"ro-RO\",\"potentialAction\":[{\"@type\":\"ReadAction\",\"target\":[\"https:\/\/www.ircon.ro\/home\/produs\/reglucon\/\"]}]},{\"@type\":\"BreadcrumbList\",\"@id\":\"https:\/\/www.ircon.ro\/home\/produs\/reglucon\/#breadcrumb\",\"itemListElement\":[{\"@type\":\"ListItem\",\"position\":1,\"item\":{\"@type\":\"WebPage\",\"@id\":\"https:\/\/www.ircon.ro\/home\/\",\"url\":\"https:\/\/www.ircon.ro\/home\/\",\"name\":\"Prima pagin\\u0103\"}},{\"@type\":\"ListItem\",\"position\":2,\"item\":{\"@type\":\"WebPage\",\"@id\":\"https:\/\/www.ircon.ro\/home\/produse-realizate-de-firma-ircon-srl\/\",\"url\":\"https:\/\/www.ircon.ro\/home\/produse-realizate-de-firma-ircon-srl\/\",\"name\":\"Produse\"}},{\"@type\":\"ListItem\",\"position\":3,\"item\":{\"@type\":\"WebPage\",\"@id\":\"https:\/\/www.ircon.ro\/home\/produs\/reglucon\/\",\"url\":\"https:\/\/www.ircon.ro\/home\/produs\/reglucon\/\",\"name\":\"Reglucon 42g\"}}]}]}<\/script>\n<!-- \/ Yoast SEO plugin. -->","_links":{"self":[{"href":"https:\/\/www.ircon.ro\/home\/wp-json\/wp\/v2\/product\/2819"}],"collection":[{"href":"https:\/\/www.ircon.ro\/home\/wp-json\/wp\/v2\/product"}],"about":[{"href":"https:\/\/www.ircon.ro\/home\/wp-json\/wp\/v2\/types\/product"}],"replies":[{"embeddable":true,"href":"https:\/\/www.ircon.ro\/home\/wp-json\/wp\/v2\/comments?post=2819"}],"version-history":[{"count":9,"href":"https:\/\/www.ircon.ro\/home\/wp-json\/wp\/v2\/product\/2819\/revisions"}],"predecessor-version":[{"id":3030,"href":"https:\/\/www.ircon.ro\/home\/wp-json\/wp\/v2\/product\/2819\/revisions\/3030"}],"wp:featuredmedia":[{"embeddable":true,"href":"https:\/\/www.ircon.ro\/home\/wp-json\/wp\/v2\/media\/2824"}],"wp:attachment":[{"href":"https:\/\/www.ircon.ro\/home\/wp-json\/wp\/v2\/media?parent=2819"}],"wp:term":[{"taxonomy":"product_cat","embeddable":true,"href":"https:\/\/www.ircon.ro\/home\/wp-json\/wp\/v2\/product_cat?post=2819"},{"taxonomy":"product_tag","embeddable":true,"href":"https:\/\/www.ircon.ro\/home\/wp-json\/wp\/v2\/product_tag?post=2819"}],"curies":[{"name":"wp","href":"https:\/\/api.w.org\/{rel}","templated":true}]}}