{"id":3613,"date":"2024-01-08T14:24:06","date_gmt":"2024-01-08T12:24:06","guid":{"rendered":"https:\/\/www.ircon.ro\/home\/?post_type=product&#038;p=3613"},"modified":"2024-04-05T13:13:09","modified_gmt":"2024-04-05T10:13:09","slug":"vitamina-c-propolis-echinacea","status":"publish","type":"product","link":"https:\/\/www.ircon.ro\/home\/produs\/vitamina-c-propolis-echinacea\/","title":{"rendered":"Vitamina C + Propolis + Echinacea"},"content":{"rendered":"<p><b>Combina\u021bia Echinacea+Propolis \u0219i Vitamina C 30 de comprimate masticabile creeaz\u0103 o for\u021b\u0103 tripl\u0103 pentru un sistem imunitar puternic \u0219i rezistent.<\/b><\/p>\n<ul>\n<li style=\"font-weight: 400;\" aria-checked=\"false\" aria-level=\"1\"><span style=\"font-weight: 400;\"><strong>Propolisul<\/strong> este recunoscut pentru cre\u0219terea imunit\u0103\u021bii organismului.\u00a0<\/span><\/li>\n<li style=\"font-weight: 400;\" aria-checked=\"false\" aria-level=\"1\"><span style=\"font-weight: 400;\"><strong>Vitamina B2<\/strong> contribuie la metabolismul energetic normal, la func\u021bionarea normal\u0103 a sistemului nervos, la men\u021binerea s\u0103n\u0103t\u0103\u021bii pielii \u0219i a membranelor mucoasei, la men\u021binerea globulelor ro\u0219ii normale \u0219i a vederii normale, la metabolismul normal al fierului.<\/span><\/li>\n<li style=\"font-weight: 400;\" aria-checked=\"false\" aria-level=\"1\"><span style=\"font-weight: 400;\"><strong>Vitamina C<\/strong> cre\u0219te absorb\u021bia fierului \u0219i contribuie la men\u021binerea s\u0103n\u0103t\u0103\u021bii psihice\u00a0 \u0219i a func\u021bion\u0103rii normale a sistemului imunitar \u00een timpul exerci\u021biilor fizice intense \u0219i dup\u0103 aceea, la formarea normal\u0103 a colagenului pentru func\u021bionarea normal\u0103 a vaselor de s\u00e2nge, la regenerarea\u00a0 formei reduse a vitaminei E.<\/span><\/li>\n<li style=\"font-weight: 400;\" aria-checked=\"false\" aria-level=\"1\"><span style=\"font-weight: 400;\">At\u00e2t Vitamina B2, c\u00e2t \u0219i Vitamina C contribuie la protejarea celulelor \u00eempotriva stresului oxidativ \u0219i la reducerea oboselii\u00a0 \u0219i a extenuarii.<\/span><\/li>\n<li style=\"font-weight: 400;\" aria-checked=\"false\" aria-level=\"1\"><span style=\"font-weight: 400;\"><strong>Extractul de echinacea<\/strong> prin con\u021binutul de vitamine \u0219i microelemente are rolul de integrator\u00a0 imunitar ce favorizeaz\u0103 refacerea \u0219i fortificarea organismului. Atenueaz\u0103 st\u0103rile de oboseal\u0103 \u0219i stres, are rol antioxidant \u0219i puternic energizant.<\/span><\/li>\n<\/ul>\n<p><strong>Ingrediente: <\/strong><\/p>\n<p>Sorbitol, acid ascorbic, extract hidroalcoolic de Ecginacea purpurea cu 4%, polifenoli, stearat de magneziu (agent anticoagulant), talc (agent de propulsare), reziduu uscat din tinctur\u0103 de propolis, celuloz\u0103 microcristalin\u0103 (agent de \u00eenc\u0103rcare), arom\u0103 de l\u0103m\u00e2ie, aspartam \u0219i zaharin\u0103 sodic\u0103 (\u00eendulcitori), riboflavin\u0103<\/p>\n<p><strong>Mod de administrare:<\/strong><br \/>\nAdul\u021bi: 3 comprimate pe zi<br \/>\nCopii: 1 comprimat pe zi<\/p>\n","protected":false},"excerpt":{"rendered":"<p><b>Combina\u021bia Echinacea+Propolis \u0219i Vitamina C creeaz\u0103 o for\u021b\u0103 tripl\u0103 pentru un sistem imunitar puternic \u0219i rezistent.<\/b><\/p>\n","protected":false},"featured_media":3614,"comment_status":"open","ping_status":"closed","template":"","meta":[],"product_cat":[21],"product_tag":[135,107,106],"yoast_head":"<!-- This site is optimized with the Yoast SEO plugin v15.8 - https:\/\/yoast.com\/wordpress\/plugins\/seo\/ -->\n<title>Vitamina C + Propolis + Echinacea |<\/title>\n<meta name=\"robots\" content=\"index, follow, max-snippet:-1, max-image-preview:large, max-video-preview:-1\" \/>\n<link rel=\"canonical\" href=\"https:\/\/www.ircon.ro\/home\/produs\/vitamina-c-propolis-echinacea\/\" \/>\n<meta property=\"og:locale\" content=\"ro_RO\" \/>\n<meta property=\"og:type\" content=\"article\" \/>\n<meta property=\"og:title\" content=\"Vitamina C + Propolis + Echinacea |\" \/>\n<meta property=\"og:description\" content=\"Combina\u021bia Echinacea+Propolis \u0219i Vitamina C creeaz\u0103 o for\u021b\u0103 tripl\u0103 pentru un sistem imunitar puternic \u0219i rezistent.\" \/>\n<meta property=\"og:url\" content=\"https:\/\/www.ircon.ro\/home\/produs\/vitamina-c-propolis-echinacea\/\" \/>\n<meta property=\"article:publisher\" content=\"https:\/\/www.facebook.com\/IRCON-562019920546430\/\" \/>\n<meta property=\"article:modified_time\" content=\"2024-04-05T10:13:09+00:00\" \/>\n<meta property=\"og:image\" content=\"https:\/\/www.ircon.ro\/wp-content\/uploads\/2024\/01\/4d003904-c136-4f99-a87b-c5ecb6f3ee33.jpg\" \/>\n\t<meta property=\"og:image:width\" content=\"1000\" \/>\n\t<meta property=\"og:image:height\" content=\"1000\" \/>\n<meta name=\"twitter:card\" content=\"summary_large_image\" \/>\n<meta name=\"twitter:label1\" content=\"Timp estimat pentru citire\">\n\t<meta name=\"twitter:data1\" content=\"1 minut\">\n<script type=\"application\/ld+json\" class=\"yoast-schema-graph\">{\"@context\":\"https:\/\/schema.org\",\"@graph\":[{\"@type\":\"Organization\",\"@id\":\"https:\/\/www.ircon.ro\/home\/#organization\",\"name\":\"Ircon SRL\",\"url\":\"https:\/\/www.ircon.ro\/home\/\",\"sameAs\":[\"https:\/\/www.facebook.com\/IRCON-562019920546430\/\"],\"logo\":{\"@type\":\"ImageObject\",\"@id\":\"https:\/\/www.ircon.ro\/home\/#logo\",\"inLanguage\":\"ro-RO\",\"url\":\"https:\/\/www.ircon.ro\/wp-content\/uploads\/2021\/01\/cropped-cropped-Logo_Ircon-1.png\",\"width\":400,\"height\":140,\"caption\":\"Ircon SRL\"},\"image\":{\"@id\":\"https:\/\/www.ircon.ro\/home\/#logo\"}},{\"@type\":\"WebSite\",\"@id\":\"https:\/\/www.ircon.ro\/home\/#website\",\"url\":\"https:\/\/www.ircon.ro\/home\/\",\"name\":\"Ircon\",\"description\":\"Prin \\u0219tiin\\u021b\\u0103 prevenim \\u0219i \\u00eenvingem!\",\"publisher\":{\"@id\":\"https:\/\/www.ircon.ro\/home\/#organization\"},\"potentialAction\":[{\"@type\":\"SearchAction\",\"target\":\"https:\/\/www.ircon.ro\/home\/?s={search_term_string}\",\"query-input\":\"required name=search_term_string\"}],\"inLanguage\":\"ro-RO\"},{\"@type\":\"ImageObject\",\"@id\":\"https:\/\/www.ircon.ro\/home\/produs\/vitamina-c-propolis-echinacea\/#primaryimage\",\"inLanguage\":\"ro-RO\",\"url\":\"https:\/\/www.ircon.ro\/wp-content\/uploads\/2024\/01\/4d003904-c136-4f99-a87b-c5ecb6f3ee33.jpg\",\"width\":1000,\"height\":1000,\"caption\":\"Vitamina C creste imunitatea\"},{\"@type\":\"WebPage\",\"@id\":\"https:\/\/www.ircon.ro\/home\/produs\/vitamina-c-propolis-echinacea\/#webpage\",\"url\":\"https:\/\/www.ircon.ro\/home\/produs\/vitamina-c-propolis-echinacea\/\",\"name\":\"Vitamina C + Propolis + Echinacea |\",\"isPartOf\":{\"@id\":\"https:\/\/www.ircon.ro\/home\/#website\"},\"primaryImageOfPage\":{\"@id\":\"https:\/\/www.ircon.ro\/home\/produs\/vitamina-c-propolis-echinacea\/#primaryimage\"},\"datePublished\":\"2024-01-08T12:24:06+00:00\",\"dateModified\":\"2024-04-05T10:13:09+00:00\",\"breadcrumb\":{\"@id\":\"https:\/\/www.ircon.ro\/home\/produs\/vitamina-c-propolis-echinacea\/#breadcrumb\"},\"inLanguage\":\"ro-RO\",\"potentialAction\":[{\"@type\":\"ReadAction\",\"target\":[\"https:\/\/www.ircon.ro\/home\/produs\/vitamina-c-propolis-echinacea\/\"]}]},{\"@type\":\"BreadcrumbList\",\"@id\":\"https:\/\/www.ircon.ro\/home\/produs\/vitamina-c-propolis-echinacea\/#breadcrumb\",\"itemListElement\":[{\"@type\":\"ListItem\",\"position\":1,\"item\":{\"@type\":\"WebPage\",\"@id\":\"https:\/\/www.ircon.ro\/home\/\",\"url\":\"https:\/\/www.ircon.ro\/home\/\",\"name\":\"Prima pagin\\u0103\"}},{\"@type\":\"ListItem\",\"position\":2,\"item\":{\"@type\":\"WebPage\",\"@id\":\"https:\/\/www.ircon.ro\/home\/produse-realizate-de-firma-ircon-srl\/\",\"url\":\"https:\/\/www.ircon.ro\/home\/produse-realizate-de-firma-ircon-srl\/\",\"name\":\"Produse\"}},{\"@type\":\"ListItem\",\"position\":3,\"item\":{\"@type\":\"WebPage\",\"@id\":\"https:\/\/www.ircon.ro\/home\/produs\/vitamina-c-propolis-echinacea\/\",\"url\":\"https:\/\/www.ircon.ro\/home\/produs\/vitamina-c-propolis-echinacea\/\",\"name\":\"Vitamina C + Propolis + Echinacea\"}}]}]}<\/script>\n<!-- \/ Yoast SEO plugin. -->","_links":{"self":[{"href":"https:\/\/www.ircon.ro\/home\/wp-json\/wp\/v2\/product\/3613"}],"collection":[{"href":"https:\/\/www.ircon.ro\/home\/wp-json\/wp\/v2\/product"}],"about":[{"href":"https:\/\/www.ircon.ro\/home\/wp-json\/wp\/v2\/types\/product"}],"replies":[{"embeddable":true,"href":"https:\/\/www.ircon.ro\/home\/wp-json\/wp\/v2\/comments?post=3613"}],"version-history":[{"count":3,"href":"https:\/\/www.ircon.ro\/home\/wp-json\/wp\/v2\/product\/3613\/revisions"}],"predecessor-version":[{"id":3617,"href":"https:\/\/www.ircon.ro\/home\/wp-json\/wp\/v2\/product\/3613\/revisions\/3617"}],"wp:featuredmedia":[{"embeddable":true,"href":"https:\/\/www.ircon.ro\/home\/wp-json\/wp\/v2\/media\/3614"}],"wp:attachment":[{"href":"https:\/\/www.ircon.ro\/home\/wp-json\/wp\/v2\/media?parent=3613"}],"wp:term":[{"taxonomy":"product_cat","embeddable":true,"href":"https:\/\/www.ircon.ro\/home\/wp-json\/wp\/v2\/product_cat?post=3613"},{"taxonomy":"product_tag","embeddable":true,"href":"https:\/\/www.ircon.ro\/home\/wp-json\/wp\/v2\/product_tag?post=3613"}],"curies":[{"name":"wp","href":"https:\/\/api.w.org\/{rel}","templated":true}]}}